{"id":5161,"date":"2023-10-18T10:20:06","date_gmt":"2023-10-18T10:20:06","guid":{"rendered":"https:\/\/orizzontiverticali.to.it\/?post_type=product&#038;p=5161"},"modified":"2023-10-18T10:20:06","modified_gmt":"2023-10-18T10:20:06","slug":"marker-alpinist-12-long-travel","status":"publish","type":"product","link":"https:\/\/orizzontiverticali.to.it\/index.php\/prodotto\/marker-alpinist-12-long-travel\/","title":{"rendered":"MARKER ALPINIST 12 LONG TRAVEL"},"content":{"rendered":"<p>La versione Marker Alpinist 12 Long Travel offre un range di regolazione del tallone di 30 mm (-7,5 + 22,5 mm) dopo il montaggio, per un migliore adattamento alle diverse lunghezze della suola. In confronto, il normale Alpinist offre un intervallo di regolazione del tallone di 15 mm (+\/- 7,5 mm). L&#8217;Alpinist offre una compensazione attiva della lunghezza durante la flessione dello sci e un impressionante trasferimento di potenza in discesa grazie a uno schema di foratura da 38 mm. La punta rinforzata in carbonio offre una grande rigidit\u00e0 ed \u00e8 dotata di cuscinetti anti-ghiaccio ed elastomeri integrati per un facile accesso. Il tallone \u00e8 dotato di un ausilio per l&#8217;arrampicata con angolo di 0 \u00b0, 5 \u00b0 e 9 \u00b0 e consente un passaggio super conveniente tra la modalit\u00e0 escursione e corsa.<br \/>\nCon di ski-stopper. Prezzo comprensivo di montaggio<\/p>\n","protected":false},"excerpt":{"rendered":"<p>Attacco per scialpinismo<\/p>\n","protected":false},"featured_media":5162,"template":"","meta":{"inline_featured_image":false},"product_cat":[55,114],"product_tag":[840,838],"class_list":["post-5161","product","type-product","status-publish","has-post-thumbnail","hentry","product_cat-scialpinismo","product_cat-scialpinismo-attacchi","product_tag-attacchi-marker","product_tag-attacchi-scialpinismo"],"_links":{"self":[{"href":"https:\/\/orizzontiverticali.to.it\/index.php\/wp-json\/wp\/v2\/product\/5161","targetHints":{"allow":["GET"]}}],"collection":[{"href":"https:\/\/orizzontiverticali.to.it\/index.php\/wp-json\/wp\/v2\/product"}],"about":[{"href":"https:\/\/orizzontiverticali.to.it\/index.php\/wp-json\/wp\/v2\/types\/product"}],"wp:featuredmedia":[{"embeddable":true,"href":"https:\/\/orizzontiverticali.to.it\/index.php\/wp-json\/wp\/v2\/media\/5162"}],"wp:attachment":[{"href":"https:\/\/orizzontiverticali.to.it\/index.php\/wp-json\/wp\/v2\/media?parent=5161"}],"wp:term":[{"taxonomy":"product_cat","embeddable":true,"href":"https:\/\/orizzontiverticali.to.it\/index.php\/wp-json\/wp\/v2\/product_cat?post=5161"},{"taxonomy":"product_tag","embeddable":true,"href":"https:\/\/orizzontiverticali.to.it\/index.php\/wp-json\/wp\/v2\/product_tag?post=5161"}],"curies":[{"name":"wp","href":"https:\/\/api.w.org\/{rel}","templated":true}]}}