{"id":4943,"date":"2023-07-21T11:10:12","date_gmt":"2023-07-21T11:10:12","guid":{"rendered":"https:\/\/orizzontiverticali.to.it\/?post_type=product&#038;p=4943"},"modified":"2023-07-21T11:20:20","modified_gmt":"2023-07-21T11:20:20","slug":"camelbak-chute-mag-borraccia","status":"publish","type":"product","link":"https:\/\/orizzontiverticali.to.it\/index.php\/prodotto\/camelbak-chute-mag-borraccia\/","title":{"rendered":"Camelbak Chute Mag Borraccia"},"content":{"rendered":"<p>La borraccia Chute Mag 1L di Camelbak \u00e8 perfettamente ermetica, anche con le bevande pi\u00f9 gassate! Il boccaglio ergonomico \u00e8 dotato di tappo che si apre\/chiude con un semplice avvitamento. L&#8217;apertura larga Wide-Mouth permette una facile introduzione di cubetti di ghiaccio per tenere fresca la bevanda, e una facile pulizia.<\/p>\n<ul>\n<li>la nuova copertura magnetica tiene il tappo lontano dalla bocca mentre bevi<\/li>\n<li>apposito spazio per stivare il tappo<\/li>\n<li>maniglia a due dita per il trasporto<\/li>\n<li>lavabile in lavastoviglie<\/li>\n<li>materiale: BPA\/BPS\/BPF free Tritan Renew<\/li>\n<\/ul>\n","protected":false},"excerpt":{"rendered":"<p>Perfettamente ermetica, anche con le bevande pi\u00f9 gassate! Disponibile nei litraggi: 1.5L-1L-0.75L-0.6L<\/p>\n","protected":false},"featured_media":4944,"template":"","meta":{"inline_featured_image":false},"product_cat":[141,145,59,133],"product_tag":[783],"class_list":["post-4943","product","type-product","status-publish","has-post-thumbnail","hentry","product_cat-travel-e-tempo-libero","product_cat-travel-e-tempo-libero-accessori","product_cat-trekking","product_cat-trekking-attrezzatura-campeggio","product_tag-borraccia"],"_links":{"self":[{"href":"https:\/\/orizzontiverticali.to.it\/index.php\/wp-json\/wp\/v2\/product\/4943","targetHints":{"allow":["GET"]}}],"collection":[{"href":"https:\/\/orizzontiverticali.to.it\/index.php\/wp-json\/wp\/v2\/product"}],"about":[{"href":"https:\/\/orizzontiverticali.to.it\/index.php\/wp-json\/wp\/v2\/types\/product"}],"wp:featuredmedia":[{"embeddable":true,"href":"https:\/\/orizzontiverticali.to.it\/index.php\/wp-json\/wp\/v2\/media\/4944"}],"wp:attachment":[{"href":"https:\/\/orizzontiverticali.to.it\/index.php\/wp-json\/wp\/v2\/media?parent=4943"}],"wp:term":[{"taxonomy":"product_cat","embeddable":true,"href":"https:\/\/orizzontiverticali.to.it\/index.php\/wp-json\/wp\/v2\/product_cat?post=4943"},{"taxonomy":"product_tag","embeddable":true,"href":"https:\/\/orizzontiverticali.to.it\/index.php\/wp-json\/wp\/v2\/product_tag?post=4943"}],"curies":[{"name":"wp","href":"https:\/\/api.w.org\/{rel}","templated":true}]}}