{"id":4931,"date":"2023-07-20T11:15:37","date_gmt":"2023-07-20T11:15:37","guid":{"rendered":"https:\/\/orizzontiverticali.to.it\/?post_type=product&#038;p=4931"},"modified":"2023-07-20T11:15:38","modified_gmt":"2023-07-20T11:15:38","slug":"lizard-super-trek","status":"publish","type":"product","link":"https:\/\/orizzontiverticali.to.it\/index.php\/prodotto\/lizard-super-trek\/","title":{"rendered":"Lizard Super Trek"},"content":{"rendered":"<ul class=\"key-features\">\n<li>Imbottitura traspirante in mesh spacer<\/li>\n<li>Comodo plantare sagomato<\/li>\n<li>Suola esterna in Vibram ECO Step<\/li>\n<li>Chiusura regolabile<\/li>\n<li>Intersuola reattiva<\/li>\n<\/ul>\n","protected":false},"excerpt":{"rendered":"<p>Il sandalo SUPER TREK \u00e8 fatto per avventure di pi\u00f9 giorni su terrenimisti. Con cinturini regolabili in mesh spacer, il sandalo \u00e8 comodo, traspirante, e garantisce un fit preciso e sicuro. L\u2019intersuola TREK offre una camminata dinamica grazie a un drop progressivo di 8mm e al plantare reattivo in EVA riciclata. Il sandalo SUPER TREK garantisce supporto, aderenza e comfort per lunghe giornate anche su terreni accidentati, grazie al design originale del battistrada Vibram Eco Step.<\/p>\n","protected":false},"featured_media":4932,"template":"","meta":{"inline_featured_image":false},"product_cat":[176,173],"product_tag":[778,777,776],"class_list":["post-4931","product","type-product","status-publish","has-post-thumbnail","hentry","product_cat-calzature","product_cat-calzature-travel-e-urban","product_tag-sandali-da-viaggio-e-tempo-lbero","product_tag-sandali-travel-e-urban","product_tag-sandali-trekking"],"_links":{"self":[{"href":"https:\/\/orizzontiverticali.to.it\/index.php\/wp-json\/wp\/v2\/product\/4931","targetHints":{"allow":["GET"]}}],"collection":[{"href":"https:\/\/orizzontiverticali.to.it\/index.php\/wp-json\/wp\/v2\/product"}],"about":[{"href":"https:\/\/orizzontiverticali.to.it\/index.php\/wp-json\/wp\/v2\/types\/product"}],"wp:featuredmedia":[{"embeddable":true,"href":"https:\/\/orizzontiverticali.to.it\/index.php\/wp-json\/wp\/v2\/media\/4932"}],"wp:attachment":[{"href":"https:\/\/orizzontiverticali.to.it\/index.php\/wp-json\/wp\/v2\/media?parent=4931"}],"wp:term":[{"taxonomy":"product_cat","embeddable":true,"href":"https:\/\/orizzontiverticali.to.it\/index.php\/wp-json\/wp\/v2\/product_cat?post=4931"},{"taxonomy":"product_tag","embeddable":true,"href":"https:\/\/orizzontiverticali.to.it\/index.php\/wp-json\/wp\/v2\/product_tag?post=4931"}],"curies":[{"name":"wp","href":"https:\/\/api.w.org\/{rel}","templated":true}]}}