{"id":4924,"date":"2023-07-20T10:15:58","date_gmt":"2023-07-20T10:15:58","guid":{"rendered":"https:\/\/orizzontiverticali.to.it\/?post_type=product&#038;p=4924"},"modified":"2023-07-20T10:15:58","modified_gmt":"2023-07-20T10:15:58","slug":"edelrid-ohm","status":"publish","type":"product","link":"https:\/\/orizzontiverticali.to.it\/index.php\/prodotto\/edelrid-ohm\/","title":{"rendered":"Edelrid Ohm"},"content":{"rendered":"<p>Edelrid Ohm \u00e8 l&#8217;innovativo freno per l&#8217;arrampicata sportiva che consente di alleviare lo strappo subito dal compagno assicuratore in caso di caduta del primo di cordata. La differenza di peso tra i due arrampicatori infatti pu\u00f2 diventare un problema quando questa \u00e8 elevata ed \u00e8 qui che entra in gioco Ohm.<\/p>\n<ul>\n<li>si installa sul primo rinvio della via che si percorre. Grazie alla sua conformazione pu\u00f2 essere installato direttamente sullo spit oppure su un altro rinvio (per esempio quello gi\u00e0 fisso in una palestra)<\/li>\n<li>l&#8217;arrampicatore scaler\u00e0 senza accorgersi della differenza: l&#8217;Ohm non impedisce alla corda di scorrere verso l&#8217;alto<\/li>\n<li>in caso di volo del primo si attiva automaticamente, accompagnando e frenando la corda che entra in tensione<\/li>\n<li>la calata risulta pi\u00f9 facile e meno scattosa<\/li>\n<li>perfetto per arrampicare in sicurezza<\/li>\n<li>peso minimo di chi assiucura: 40 kg<\/li>\n<li>differenza di peso consigliata (climber-assicuratore): 10-40 kg<\/li>\n<li>prodotto in Germania<\/li>\n<li>arriva completo di maglia rapida che lo collega ad una fettuccia da 10 cm con un moschettone a leva dritta<\/li>\n<\/ul>\n","protected":false},"excerpt":{"rendered":"<p>Il rinvio-assicuratore che permette al climber pi\u00f9 leggero di fare sicura a quello pi\u00f9 pesante senza problemi.<\/p>\n","protected":false},"featured_media":4925,"template":"","meta":{"inline_featured_image":false},"product_cat":[56,98,102],"product_tag":[297,772],"class_list":["post-4924","product","type-product","status-publish","has-post-thumbnail","hentry","product_cat-arrampicata","product_cat-arrampicata-attrezzatura","product_cat-discesori-e-assicuratori","product_tag-assicuratore","product_tag-rinvio-assicuratore"],"_links":{"self":[{"href":"https:\/\/orizzontiverticali.to.it\/index.php\/wp-json\/wp\/v2\/product\/4924","targetHints":{"allow":["GET"]}}],"collection":[{"href":"https:\/\/orizzontiverticali.to.it\/index.php\/wp-json\/wp\/v2\/product"}],"about":[{"href":"https:\/\/orizzontiverticali.to.it\/index.php\/wp-json\/wp\/v2\/types\/product"}],"wp:featuredmedia":[{"embeddable":true,"href":"https:\/\/orizzontiverticali.to.it\/index.php\/wp-json\/wp\/v2\/media\/4925"}],"wp:attachment":[{"href":"https:\/\/orizzontiverticali.to.it\/index.php\/wp-json\/wp\/v2\/media?parent=4924"}],"wp:term":[{"taxonomy":"product_cat","embeddable":true,"href":"https:\/\/orizzontiverticali.to.it\/index.php\/wp-json\/wp\/v2\/product_cat?post=4924"},{"taxonomy":"product_tag","embeddable":true,"href":"https:\/\/orizzontiverticali.to.it\/index.php\/wp-json\/wp\/v2\/product_tag?post=4924"}],"curies":[{"name":"wp","href":"https:\/\/api.w.org\/{rel}","templated":true}]}}