{"id":4915,"date":"2023-07-18T16:22:51","date_gmt":"2023-07-18T16:22:51","guid":{"rendered":"https:\/\/orizzontiverticali.to.it\/?post_type=product&#038;p=4915"},"modified":"2023-07-18T16:22:51","modified_gmt":"2023-07-18T16:22:51","slug":"edelrid-eagle-lite-9-5-70metri","status":"publish","type":"product","link":"https:\/\/orizzontiverticali.to.it\/index.php\/prodotto\/edelrid-eagle-lite-9-5-70metri\/","title":{"rendered":"Edelrid Eagle Lite 9.5 70metri"},"content":{"rendered":"<p>Pi\u00f9 leggera e con diametro ridotto la corda singola <strong>Eagle Lite 9,5 mm<\/strong> di <strong>Edelrid<\/strong> \u00e8 pi\u00f9 compatta ed ha una presa migliore. Tutto ci\u00f2 grazie alla moderna lavorazione dei filati che permettono di ridurre il diametro della corda senza influire sui valori tecnici e di sicurezza. Ideale in tutti i tipi di arrampicata, da big wall all&#8217;arrampicata sportiva e indoor.<\/p>\n","protected":false},"excerpt":{"rendered":"<p>Leggera e compatta. Ideale in tutti i tipi di arrampicata!<\/p>\n","protected":false},"featured_media":4916,"template":"","meta":{"inline_featured_image":false},"product_cat":[56,98,100],"product_tag":[757,766,765,764],"class_list":["post-4915","product","type-product","status-publish","has-post-thumbnail","hentry","product_cat-arrampicata","product_cat-arrampicata-attrezzatura","product_cat-corde-arrampicata-attrezzatura","product_tag-corda-arrampicata-sportiva","product_tag-corda-da-falesia","product_tag-corda-dinamica","product_tag-corda-intera"],"_links":{"self":[{"href":"https:\/\/orizzontiverticali.to.it\/index.php\/wp-json\/wp\/v2\/product\/4915","targetHints":{"allow":["GET"]}}],"collection":[{"href":"https:\/\/orizzontiverticali.to.it\/index.php\/wp-json\/wp\/v2\/product"}],"about":[{"href":"https:\/\/orizzontiverticali.to.it\/index.php\/wp-json\/wp\/v2\/types\/product"}],"wp:featuredmedia":[{"embeddable":true,"href":"https:\/\/orizzontiverticali.to.it\/index.php\/wp-json\/wp\/v2\/media\/4916"}],"wp:attachment":[{"href":"https:\/\/orizzontiverticali.to.it\/index.php\/wp-json\/wp\/v2\/media?parent=4915"}],"wp:term":[{"taxonomy":"product_cat","embeddable":true,"href":"https:\/\/orizzontiverticali.to.it\/index.php\/wp-json\/wp\/v2\/product_cat?post=4915"},{"taxonomy":"product_tag","embeddable":true,"href":"https:\/\/orizzontiverticali.to.it\/index.php\/wp-json\/wp\/v2\/product_tag?post=4915"}],"curies":[{"name":"wp","href":"https:\/\/api.w.org\/{rel}","templated":true}]}}