{"id":4909,"date":"2023-07-15T15:38:27","date_gmt":"2023-07-15T15:38:27","guid":{"rendered":"https:\/\/orizzontiverticali.to.it\/?post_type=product&#038;p=4909"},"modified":"2023-07-15T16:20:06","modified_gmt":"2023-07-15T16:20:06","slug":"tendon-ambition-8-2-60-metri","status":"publish","type":"product","link":"https:\/\/orizzontiverticali.to.it\/index.php\/prodotto\/tendon-ambition-8-2-60-metri\/","title":{"rendered":"Tendon Coppia di Corde Ambition 8.2 60 metri"},"content":{"rendered":"<div id=\"description\" class=\"data item content\" role=\"tabpanel\" aria-labelledby=\"tab-label-description\" data-role=\"content\" aria-hidden=\"false\">\n<div class=\"product attribute description\">\n<div class=\"value\">\n<p>Tendon Ambition 8.2 mm \u00e8 una mezza corda da arrampicata omologata anche come corda gemella che grazie alle sue caratteristiche permetter\u00e0 delle ottime performance nelle vie alpinistiche su roccia, ghiaccio e misto! La corda \u00e8 fornita di trattamento impermeabilizzante che le conferisce resistenze all&#8217;acqua e al bagnato. Con soli 45 grammi di peso per ogni metro consentir\u00e0 di scalare leggeri, un dettaglio non da poco quando si affrontano impegnative vie alpinistiche.<\/p>\n<p>Le mezze corde vengono vendute a coppia. L&#8217;offerta \u00e8 valida pertanto sulla coppia e non sulla singola.<\/p>\n<\/div>\n<\/div>\n<\/div>\n<p>&nbsp;<\/p>\n","protected":false},"excerpt":{"rendered":"<p>Coppia di mezze corde leggere da 60 metri con grande versatilit\u00e0 e durata molto elevata. Tutte le specifiche tecniche sono progettate per aumentare la sicurezza e ampliare la gamma di utilizzo idoneo. Corda con trattamento impermeabilizzante. Ideale per alpinismo, arrampicata su ghiaccio e misto.<\/p>\n","protected":false},"featured_media":4911,"template":"","meta":{"inline_featured_image":false},"product_cat":[43,81,98,100],"product_tag":[763,761],"class_list":["post-4909","product","type-product","status-publish","has-post-thumbnail","hentry","product_cat-alpinismo","product_cat-attrezzatura","product_cat-arrampicata-attrezzatura","product_cat-corde-arrampicata-attrezzatura","product_tag-corda-impermeabile","product_tag-mezza-corda-alpinismo"],"_links":{"self":[{"href":"https:\/\/orizzontiverticali.to.it\/index.php\/wp-json\/wp\/v2\/product\/4909","targetHints":{"allow":["GET"]}}],"collection":[{"href":"https:\/\/orizzontiverticali.to.it\/index.php\/wp-json\/wp\/v2\/product"}],"about":[{"href":"https:\/\/orizzontiverticali.to.it\/index.php\/wp-json\/wp\/v2\/types\/product"}],"wp:featuredmedia":[{"embeddable":true,"href":"https:\/\/orizzontiverticali.to.it\/index.php\/wp-json\/wp\/v2\/media\/4911"}],"wp:attachment":[{"href":"https:\/\/orizzontiverticali.to.it\/index.php\/wp-json\/wp\/v2\/media?parent=4909"}],"wp:term":[{"taxonomy":"product_cat","embeddable":true,"href":"https:\/\/orizzontiverticali.to.it\/index.php\/wp-json\/wp\/v2\/product_cat?post=4909"},{"taxonomy":"product_tag","embeddable":true,"href":"https:\/\/orizzontiverticali.to.it\/index.php\/wp-json\/wp\/v2\/product_tag?post=4909"}],"curies":[{"name":"wp","href":"https:\/\/api.w.org\/{rel}","templated":true}]}}