{"id":4871,"date":"2023-07-08T17:23:51","date_gmt":"2023-07-08T17:23:51","guid":{"rendered":"https:\/\/orizzontiverticali.to.it\/?post_type=product&#038;p=4871"},"modified":"2023-07-08T17:23:51","modified_gmt":"2023-07-08T17:23:51","slug":"wild-country-mosquito-porta-magnesite","status":"publish","type":"product","link":"https:\/\/orizzontiverticali.to.it\/index.php\/prodotto\/wild-country-mosquito-porta-magnesite\/","title":{"rendered":"Wild Country Mosquito Porta Magnesite"},"content":{"rendered":"<p>Il tessuto in nylon ultra resistente rip-stop e l&#8217;innovativa e leggera cintura in vita completano il portamagnesite pi\u00f9 leggero che Wild Country abbia mai creato. La Mosquito chalkbag \u00e8 dotata di un interno morbido in pile e di un anello per lo spazzolino.<\/p>\n","protected":false},"excerpt":{"rendered":"<p>Mentre lavori i tuoi progetti pi\u00f9 duri, ogni grammo conta. Cos\u00ec, abbiamo sviluppato uno dei porta magnesite pi\u00f9 leggeri sul mercato (59g) per supportare i tuoi tentativi pi\u00f9 estremi. La sua forma spaziosa ti permette comunque di portare abbastanza magnesite anche per le vie spagnole pi\u00f9 lunghe.<\/p>\n","protected":false},"featured_media":4872,"template":"","meta":{"inline_featured_image":false},"product_cat":[56,110],"product_tag":[743],"class_list":["post-4871","product","type-product","status-publish","has-post-thumbnail","hentry","product_cat-arrampicata","product_cat-arrampicata-accessori","product_tag-portamagnesite-super-leggero"],"_links":{"self":[{"href":"https:\/\/orizzontiverticali.to.it\/index.php\/wp-json\/wp\/v2\/product\/4871","targetHints":{"allow":["GET"]}}],"collection":[{"href":"https:\/\/orizzontiverticali.to.it\/index.php\/wp-json\/wp\/v2\/product"}],"about":[{"href":"https:\/\/orizzontiverticali.to.it\/index.php\/wp-json\/wp\/v2\/types\/product"}],"wp:featuredmedia":[{"embeddable":true,"href":"https:\/\/orizzontiverticali.to.it\/index.php\/wp-json\/wp\/v2\/media\/4872"}],"wp:attachment":[{"href":"https:\/\/orizzontiverticali.to.it\/index.php\/wp-json\/wp\/v2\/media?parent=4871"}],"wp:term":[{"taxonomy":"product_cat","embeddable":true,"href":"https:\/\/orizzontiverticali.to.it\/index.php\/wp-json\/wp\/v2\/product_cat?post=4871"},{"taxonomy":"product_tag","embeddable":true,"href":"https:\/\/orizzontiverticali.to.it\/index.php\/wp-json\/wp\/v2\/product_tag?post=4871"}],"curies":[{"name":"wp","href":"https:\/\/api.w.org\/{rel}","templated":true}]}}