{"id":4850,"date":"2023-07-08T14:54:46","date_gmt":"2023-07-08T14:54:46","guid":{"rendered":"https:\/\/orizzontiverticali.to.it\/?post_type=product&#038;p=4850"},"modified":"2023-07-08T14:54:46","modified_gmt":"2023-07-08T14:54:46","slug":"wild-country-rock-set-1-5","status":"publish","type":"product","link":"https:\/\/orizzontiverticali.to.it\/index.php\/prodotto\/wild-country-rock-set-1-5\/","title":{"rendered":"Wild Country Rock Set 1-5"},"content":{"rendered":"<p>Con i suoi lati curvati, la Rocks \u00e8 un&#8217;originale gamma Wild Country che ha rivoluzionato il modo in cui proteggiamo le vie. Sempre un elemento fondamentale di ogni buon rack, la versione attuale \u00e8 notevolmente pi\u00f9 avanzata rispetto a quella precedente, oltre che significativamente pi\u00f9 leggera. Mantenendo l&#8217;originale curvatura innovativa, la Rocks ora presenta parti laterali pi\u00f9 sottili e leggere, lati affusolati, testine anodizzate per una selezione rapida e un&#8217;ampia gamma, con quattordici misure in tutto. Era rivoluzionaria al primo lancio e si fa notare ancora oggi: la gamma Rocks completa rappresenta gli articoli di riferimento per lo scalatore moderno.<\/p>\n","protected":false},"excerpt":{"rendered":"<p>Pi\u00f9 leggero, pi\u00f9 lineare, pi\u00f9 raffinato che mai ed in pi\u00f9 grandezze, l\u2019attuale linea costituisce gli ultimi articoli di riferimento per il climber di oggi.<\/p>\n","protected":false},"featured_media":4851,"template":"","meta":{"inline_featured_image":false},"product_cat":[85,104,98],"product_tag":[189,731,733],"class_list":["post-4850","product","type-product","status-publish","has-post-thumbnail","hentry","product_cat-ancoraggi-rapidi","product_cat-ancoraggi-rapidi-arrampicata-attrezzatura","product_cat-arrampicata-attrezzatura","product_tag-ancoraggi-rapidi","product_tag-protezioni-mobili","product_tag-set-nuts"],"_links":{"self":[{"href":"https:\/\/orizzontiverticali.to.it\/index.php\/wp-json\/wp\/v2\/product\/4850","targetHints":{"allow":["GET"]}}],"collection":[{"href":"https:\/\/orizzontiverticali.to.it\/index.php\/wp-json\/wp\/v2\/product"}],"about":[{"href":"https:\/\/orizzontiverticali.to.it\/index.php\/wp-json\/wp\/v2\/types\/product"}],"wp:featuredmedia":[{"embeddable":true,"href":"https:\/\/orizzontiverticali.to.it\/index.php\/wp-json\/wp\/v2\/media\/4851"}],"wp:attachment":[{"href":"https:\/\/orizzontiverticali.to.it\/index.php\/wp-json\/wp\/v2\/media?parent=4850"}],"wp:term":[{"taxonomy":"product_cat","embeddable":true,"href":"https:\/\/orizzontiverticali.to.it\/index.php\/wp-json\/wp\/v2\/product_cat?post=4850"},{"taxonomy":"product_tag","embeddable":true,"href":"https:\/\/orizzontiverticali.to.it\/index.php\/wp-json\/wp\/v2\/product_tag?post=4850"}],"curies":[{"name":"wp","href":"https:\/\/api.w.org\/{rel}","templated":true}]}}