{"id":4820,"date":"2023-07-07T10:40:14","date_gmt":"2023-07-07T10:40:14","guid":{"rendered":"https:\/\/orizzontiverticali.to.it\/?post_type=product&#038;p=4820"},"modified":"2023-07-07T10:40:15","modified_gmt":"2023-07-07T10:40:15","slug":"cebe-proguide","status":"publish","type":"product","link":"https:\/\/orizzontiverticali.to.it\/index.php\/prodotto\/cebe-proguide\/","title":{"rendered":"C\u00e8b\u00e8 Proguide"},"content":{"rendered":"<p>Progettati in collaborazione con le guide alpine, i PROGUIDE di C\u00e9b\u00e9 sono la crema degli occhiali da sole per l&#8217;escursionismo e l&#8217;alpinismo. Adatti a tutte le stagioni, sono dotati di protezione laterale, montatura ventilata e trattamenti antiappannamento e antigraffio. La gamma PROGUIDE \u00e8 stata testata sul campo per dominare gli ambienti pi\u00f9 difficili, permettendovi di esplorare pi\u00f9 a lungo. C\u00e9b\u00e9 PROGUIDE, gli occhiali da sole da montagna che superano i limiti.<\/p>\n","protected":false},"excerpt":{"rendered":"<p>Gli ochhiali C\u00e8b\u00e8 protettivi per le attivit\u00e0 di montagna,come l&#8217;escursionismo e l&#8217;alpinismo.<\/p>\n","protected":false},"featured_media":4821,"template":"","meta":{"inline_featured_image":false},"product_cat":[169,92,171,135],"product_tag":[705,707,708,702],"class_list":["post-4820","product","type-product","status-publish","has-post-thumbnail","hentry","product_cat-abbigliamento-accessori","product_cat-alpinismo-accessori","product_cat-escursionismo","product_cat-trekking-accessori","product_tag-occhiali-alpinismo","product_tag-occhiali-da-sole","product_tag-occhiali-escursionismo","product_tag-occhiali-protettivi"],"_links":{"self":[{"href":"https:\/\/orizzontiverticali.to.it\/index.php\/wp-json\/wp\/v2\/product\/4820","targetHints":{"allow":["GET"]}}],"collection":[{"href":"https:\/\/orizzontiverticali.to.it\/index.php\/wp-json\/wp\/v2\/product"}],"about":[{"href":"https:\/\/orizzontiverticali.to.it\/index.php\/wp-json\/wp\/v2\/types\/product"}],"wp:featuredmedia":[{"embeddable":true,"href":"https:\/\/orizzontiverticali.to.it\/index.php\/wp-json\/wp\/v2\/media\/4821"}],"wp:attachment":[{"href":"https:\/\/orizzontiverticali.to.it\/index.php\/wp-json\/wp\/v2\/media?parent=4820"}],"wp:term":[{"taxonomy":"product_cat","embeddable":true,"href":"https:\/\/orizzontiverticali.to.it\/index.php\/wp-json\/wp\/v2\/product_cat?post=4820"},{"taxonomy":"product_tag","embeddable":true,"href":"https:\/\/orizzontiverticali.to.it\/index.php\/wp-json\/wp\/v2\/product_tag?post=4820"}],"curies":[{"name":"wp","href":"https:\/\/api.w.org\/{rel}","templated":true}]}}