{"id":4818,"date":"2023-07-07T10:27:09","date_gmt":"2023-07-07T10:27:09","guid":{"rendered":"https:\/\/orizzontiverticali.to.it\/?post_type=product&#038;p=4818"},"modified":"2023-07-07T10:27:09","modified_gmt":"2023-07-07T10:27:09","slug":"cebe-summit","status":"publish","type":"product","link":"https:\/\/orizzontiverticali.to.it\/index.php\/prodotto\/cebe-summit\/","title":{"rendered":"C\u00e8b\u00e8 Summit"},"content":{"rendered":"<p>Spingetevi oltre i vostri limiti con gli occhiali da sole specializzati per l&#8217;alta montagna, i C\u00e9b\u00e9 SUMMIT, una montatura classica con le caratteristiche necessarie per proteggere la vostra vista su qualsiasi terreno: i C\u00e9b\u00e9 SUMMIT sono dotati di protezioni laterali in pelle e sono disponibili con lenti minerali Peak di categoria 4 o con lenti fotocromatiche da 2 a 4. Queste maschere per l&#8217;escursionismo e l&#8217;alpinismo sono il paio giusto per chi vuole andare sempre pi\u00f9 in alto.<\/p>\n","protected":false},"excerpt":{"rendered":"<p>Occhiali C\u00e8b\u00e8 protettivi per le attivit\u00e0 d&#8217;alta montagna, dall&#8217;escursionismo allo scialpinismo.<\/p>\n","protected":false},"featured_media":4819,"template":"","meta":{"inline_featured_image":false},"product_cat":[169,92,69,121],"product_tag":[705,703,704,702,706],"class_list":["post-4818","product","type-product","status-publish","has-post-thumbnail","hentry","product_cat-abbigliamento-accessori","product_cat-alpinismo-accessori","product_cat-outdoor","product_cat-scialpinismo-accessori","product_tag-occhiali-alpinismo","product_tag-occhiali-cat-4","product_tag-occhiali-fotocromatici","product_tag-occhiali-protettivi","product_tag-occhiali-scialpinsimo"],"_links":{"self":[{"href":"https:\/\/orizzontiverticali.to.it\/index.php\/wp-json\/wp\/v2\/product\/4818","targetHints":{"allow":["GET"]}}],"collection":[{"href":"https:\/\/orizzontiverticali.to.it\/index.php\/wp-json\/wp\/v2\/product"}],"about":[{"href":"https:\/\/orizzontiverticali.to.it\/index.php\/wp-json\/wp\/v2\/types\/product"}],"wp:featuredmedia":[{"embeddable":true,"href":"https:\/\/orizzontiverticali.to.it\/index.php\/wp-json\/wp\/v2\/media\/4819"}],"wp:attachment":[{"href":"https:\/\/orizzontiverticali.to.it\/index.php\/wp-json\/wp\/v2\/media?parent=4818"}],"wp:term":[{"taxonomy":"product_cat","embeddable":true,"href":"https:\/\/orizzontiverticali.to.it\/index.php\/wp-json\/wp\/v2\/product_cat?post=4818"},{"taxonomy":"product_tag","embeddable":true,"href":"https:\/\/orizzontiverticali.to.it\/index.php\/wp-json\/wp\/v2\/product_tag?post=4818"}],"curies":[{"name":"wp","href":"https:\/\/api.w.org\/{rel}","templated":true}]}}