{"id":4789,"date":"2023-07-04T17:19:10","date_gmt":"2023-07-04T17:19:10","guid":{"rendered":"https:\/\/orizzontiverticali.to.it\/?post_type=product&#038;p=4789"},"modified":"2023-07-05T09:13:00","modified_gmt":"2023-07-05T09:13:00","slug":"julbo-fury","status":"publish","type":"product","link":"https:\/\/orizzontiverticali.to.it\/index.php\/prodotto\/julbo-fury\/","title":{"rendered":"Julbo Fury"},"content":{"rendered":"<ul class=\"caracteristiques\">\n<li><strong>Air Link Temple System<\/strong> : L&#8217;inserto ammortizzatore in elastomero, situato all&#8217;estremit\u00e0 dell&#8217;asta, offre maggiore comfort e leggerezza.<\/li>\n<li><strong>Aste Grip Tech<\/strong> : Morbido materiale esclusivo che ricopre le aste, non aderisce ai capelli e garantisce tenuta e comfort assoluti.<\/li>\n<li><strong>Full Venting<\/strong> : Struttura molto aerata dell&#8217;occhiale che permette una totale circolazione dell&#8217;aria evitando la formazione di condensa.<\/li>\n<li><strong>Grip Nose<\/strong> : Inserti morbidi antiurto e aderenti a livello del naso.<\/li>\n<li><strong>Vista Panoramica<\/strong> : Lenti di grandi dimensioni per un campo visivo massimo.<\/li>\n<\/ul>\n","protected":false},"excerpt":{"rendered":"<p>Uno stile impegnato e radicale, lente cilindrica con campo visivo ampio e ventilazione perfetta: FURY \u00e8 fatto per la velocit\u00e0! Leggero e creato per adattarsi a tutti i caschi, garantisce una tenuta di qualit\u00e0. Le linee affilate rispecchiano i pi\u00f9 puri codici del ciclismo moderno, sottolineandone la tecnicit\u00e0 e le prestazioni. Ormai un punto fermo della nostra gamma, continuer\u00e0 a rimanere impresso, sui volti dei nostri atleti, con queste due versioni speciali nei colori della squadra ciclista Groupama-FDJ, dotate con lenti REACTIV 1-3 Light Amplifier o SPECTRON 3.<\/p>\n","protected":false},"featured_media":4791,"template":"","meta":{"inline_featured_image":false},"product_cat":[169,92,110],"product_tag":[685,679,682],"class_list":["post-4789","product","type-product","status-publish","has-post-thumbnail","hentry","product_cat-abbigliamento-accessori","product_cat-alpinismo-accessori","product_cat-arrampicata-accessori","product_tag-occhiale-ciclismo","product_tag-occhiale-da-sole","product_tag-occhiale-julbo"],"_links":{"self":[{"href":"https:\/\/orizzontiverticali.to.it\/index.php\/wp-json\/wp\/v2\/product\/4789","targetHints":{"allow":["GET"]}}],"collection":[{"href":"https:\/\/orizzontiverticali.to.it\/index.php\/wp-json\/wp\/v2\/product"}],"about":[{"href":"https:\/\/orizzontiverticali.to.it\/index.php\/wp-json\/wp\/v2\/types\/product"}],"wp:featuredmedia":[{"embeddable":true,"href":"https:\/\/orizzontiverticali.to.it\/index.php\/wp-json\/wp\/v2\/media\/4791"}],"wp:attachment":[{"href":"https:\/\/orizzontiverticali.to.it\/index.php\/wp-json\/wp\/v2\/media?parent=4789"}],"wp:term":[{"taxonomy":"product_cat","embeddable":true,"href":"https:\/\/orizzontiverticali.to.it\/index.php\/wp-json\/wp\/v2\/product_cat?post=4789"},{"taxonomy":"product_tag","embeddable":true,"href":"https:\/\/orizzontiverticali.to.it\/index.php\/wp-json\/wp\/v2\/product_tag?post=4789"}],"curies":[{"name":"wp","href":"https:\/\/api.w.org\/{rel}","templated":true}]}}