{"id":4787,"date":"2023-07-04T16:56:03","date_gmt":"2023-07-04T16:56:03","guid":{"rendered":"https:\/\/orizzontiverticali.to.it\/?post_type=product&#038;p=4787"},"modified":"2023-07-05T09:09:13","modified_gmt":"2023-07-05T09:09:13","slug":"julbo-rush","status":"publish","type":"product","link":"https:\/\/orizzontiverticali.to.it\/index.php\/prodotto\/julbo-rush\/","title":{"rendered":"Julbo Rush"},"content":{"rendered":"<ul class=\"caracteristiques\">\n<li><strong>3D Fit Nose<\/strong> : Alette del nasello completamente regolabili in ogni angolazione, per permettere agli occhiali di adattarsi a tutti i tipi di naso e offrire una tenuta perfetta in qualsiasi circostanza.<\/li>\n<li><strong>Aste Flex3<\/strong> : Aste regolabili su tre assi (laterale, verticale, lunghezza) grazie a tre zone di regolazione precise (tempie, curvatura, orecchie). Tenuta e comfort adattabili senza limiti, e compatibilit\u00e0 con tutti i caschi sul mercato.<\/li>\n<li><strong>Aste Grip Tech<\/strong> : Morbido materiale esclusivo che ricopre le aste, non aderisce ai capelli e garantisce tenuta e comfort assoluti.<\/li>\n<li><strong>Comfort Fit con Casco<\/strong> : Aste ideate in modo da garantire una buona tenuta confortevole anche con un casco.<\/li>\n<li><strong>Full Venting<\/strong> : Struttura molto aerata dell&#8217;occhiale che permette una totale circolazione dell&#8217;aria evitando la formazione di condensa.<\/li>\n<li><strong>Vista Panoramica<\/strong> : Lenti di grandi dimensioni per un campo visivo massimo.<\/li>\n<\/ul>\n","protected":false},"excerpt":{"rendered":"<p>Senza compromessi con la prestazione, RUSH \u00e8 la nostra migliore risposta alle esigenze del ciclismo e di tutti gli sport che combinano endurance e velocit\u00e0. La sua lente, perfettamente ventilata, \u00e8 stata elaborata per offrire un campo visivo laterale e verticale massimo, garantendo una visione libera in tutte le posizioni. Le aste Flex\u00b3 si regolano perfettamente per una tenuta e una comodit\u00e0 totali, garantendo al tempo stesso la compatibilit\u00e0 con tutti i caschi. Disponibile con lenti REACTIV Photochromic, RUSH \u00e8 l&#8217;arma perfetta per proteggere i vostri occhi durante le uscite pi\u00f9 impegnative.<\/p>\n","protected":false},"featured_media":4788,"template":"","meta":{"inline_featured_image":false},"product_cat":[169,92,110,121],"product_tag":[685,679,682],"class_list":["post-4787","product","type-product","status-publish","has-post-thumbnail","hentry","product_cat-abbigliamento-accessori","product_cat-alpinismo-accessori","product_cat-arrampicata-accessori","product_cat-scialpinismo-accessori","product_tag-occhiale-ciclismo","product_tag-occhiale-da-sole","product_tag-occhiale-julbo"],"_links":{"self":[{"href":"https:\/\/orizzontiverticali.to.it\/index.php\/wp-json\/wp\/v2\/product\/4787","targetHints":{"allow":["GET"]}}],"collection":[{"href":"https:\/\/orizzontiverticali.to.it\/index.php\/wp-json\/wp\/v2\/product"}],"about":[{"href":"https:\/\/orizzontiverticali.to.it\/index.php\/wp-json\/wp\/v2\/types\/product"}],"wp:featuredmedia":[{"embeddable":true,"href":"https:\/\/orizzontiverticali.to.it\/index.php\/wp-json\/wp\/v2\/media\/4788"}],"wp:attachment":[{"href":"https:\/\/orizzontiverticali.to.it\/index.php\/wp-json\/wp\/v2\/media?parent=4787"}],"wp:term":[{"taxonomy":"product_cat","embeddable":true,"href":"https:\/\/orizzontiverticali.to.it\/index.php\/wp-json\/wp\/v2\/product_cat?post=4787"},{"taxonomy":"product_tag","embeddable":true,"href":"https:\/\/orizzontiverticali.to.it\/index.php\/wp-json\/wp\/v2\/product_tag?post=4787"}],"curies":[{"name":"wp","href":"https:\/\/api.w.org\/{rel}","templated":true}]}}