{"id":4772,"date":"2023-07-01T15:59:50","date_gmt":"2023-07-01T15:59:50","guid":{"rendered":"https:\/\/orizzontiverticali.to.it\/?post_type=product&#038;p=4772"},"modified":"2023-09-22T17:15:57","modified_gmt":"2023-09-22T17:15:57","slug":"evolv-elektra-woman","status":"publish","type":"product","link":"https:\/\/orizzontiverticali.to.it\/index.php\/prodotto\/evolv-elektra-woman\/","title":{"rendered":"Evolv Elektra woman"},"content":{"rendered":"<ul>\n<li><strong>Nota: il fit pu\u00f2 variare in base alle necessit\u00e0 e al livello di performance: valutare un -0,5 sulla taglia normale per performance estrema e un +0,5 per chi ricerca comfort<\/strong><\/li>\n<li>sistema a doppio strap per una calzata agevolata e un supporto massimo con sistema a cinghie opposte per la massima tensione e un fit perfetto ad ogni movimento<\/li>\n<li>linguetta con Agion\u00ae, rivestimento antimicrobico<\/li>\n<li>soletta MX-P: 1.4mm Sensitive Full-Length<\/li>\n<li>tomaia vegan friendly in Synthratek VX<\/li>\n<li>gomma 4.2mm Trax\u00ae SAS formulata per facilitare la presa sui bordi pi\u00f9 piccoli<\/li>\n<li>sistema Variable Thickness Rand (VTR) con gomma rand pi\u00f9 sottile nelle aree di maggiore pressione e pi\u00f9 spessa nelle zone ad alta usura vicino alla punta<\/li>\n<\/ul>\n","protected":false},"excerpt":{"rendered":"<p>Elektra di Evolv \u00e8 una delle scarpette a basso volume pi\u00f9 vendute al mondo. Grazie alla sua calzata anatomica, \u00e8 ideale per le principianti e per le climber pi\u00f9 esperte. La tomaia Synthratek VX e la fodera antimicrobica Agion\u00ae Antimicrobial garantiscono un comfort duraturo proteggendo la pelle e prevenendo la formazione di odori sgradevoli. La doppia chiusura strap garantisce una calzata perfetta, rendendo la scarpa facile da indossare e da togliere in ogni momento.<\/p>\n","protected":false},"featured_media":4773,"template":"","meta":{"inline_featured_image":false},"product_cat":[56,96,176,202,197],"product_tag":[310,318,610,678],"class_list":["post-4772","product","type-product","status-publish","has-post-thumbnail","hentry","product_cat-arrampicata","product_cat-arrampicata-scarpette","product_cat-calzature","product_cat-calzature-arrampicata","product_cat-calzature-donna","product_tag-boulder","product_tag-palestra","product_tag-scarpetta-arrampicata","product_tag-scarpetta-onna"],"_links":{"self":[{"href":"https:\/\/orizzontiverticali.to.it\/index.php\/wp-json\/wp\/v2\/product\/4772","targetHints":{"allow":["GET"]}}],"collection":[{"href":"https:\/\/orizzontiverticali.to.it\/index.php\/wp-json\/wp\/v2\/product"}],"about":[{"href":"https:\/\/orizzontiverticali.to.it\/index.php\/wp-json\/wp\/v2\/types\/product"}],"wp:featuredmedia":[{"embeddable":true,"href":"https:\/\/orizzontiverticali.to.it\/index.php\/wp-json\/wp\/v2\/media\/4773"}],"wp:attachment":[{"href":"https:\/\/orizzontiverticali.to.it\/index.php\/wp-json\/wp\/v2\/media?parent=4772"}],"wp:term":[{"taxonomy":"product_cat","embeddable":true,"href":"https:\/\/orizzontiverticali.to.it\/index.php\/wp-json\/wp\/v2\/product_cat?post=4772"},{"taxonomy":"product_tag","embeddable":true,"href":"https:\/\/orizzontiverticali.to.it\/index.php\/wp-json\/wp\/v2\/product_tag?post=4772"}],"curies":[{"name":"wp","href":"https:\/\/api.w.org\/{rel}","templated":true}]}}