{"id":4748,"date":"2023-06-30T16:22:12","date_gmt":"2023-06-30T16:22:12","guid":{"rendered":"https:\/\/orizzontiverticali.to.it\/?post_type=product&#038;p=4748"},"modified":"2023-06-30T16:22:12","modified_gmt":"2023-06-30T16:22:12","slug":"camp-corsa-nanotech","status":"publish","type":"product","link":"https:\/\/orizzontiverticali.to.it\/index.php\/prodotto\/camp-corsa-nanotech\/","title":{"rendered":"Camp Corsa Nanotech"},"content":{"rendered":"<ul>\n<li>inserto in Nylon che impedisce accumulo di neve nel manico<\/li>\n<li>grip che consente miglior presa ricavato nella parte inferiore del manico<\/li>\n<li>materiale ultraleggero e ultraresistente<\/li>\n<\/ul>\n","protected":false},"excerpt":{"rendered":"<p>La piccozza Corsa Nanotech della Camp \u00e8 costruita interamente in alluminio con l&#8217;aggiunta di un inserto su testata e puntale nell&#8217;innovativa lega Sandvik Nanoflex, resistente alla corrosione, con una resistenza meccanica e una tenacit\u00e0 del 60% superiori alle classiche leghe. Perfetta per lo scialpinismo, pu\u00f2 trovare infatti impiego anche su ghiaccio e neve dura proprio grazie ai materiali utilizzati ed \u00e8 un ottimo ausilio d&#8217;emergenza per la sua leggerezza e versatilit\u00e0.<\/p>\n","protected":false},"featured_media":4749,"template":"","meta":{"inline_featured_image":false},"product_cat":[43,81,186,122,55,121],"product_tag":[658,660,665],"class_list":["post-4748","product","type-product","status-publish","has-post-thumbnail","hentry","product_cat-alpinismo","product_cat-attrezzatura","product_cat-attrezzatura-alpinismo","product_cat-piccozze","product_cat-scialpinismo","product_cat-scialpinismo-accessori","product_tag-piccozza-alpinismo","product_tag-piccozza-scialpinismo","product_tag-piccozza-ultraleggera"],"_links":{"self":[{"href":"https:\/\/orizzontiverticali.to.it\/index.php\/wp-json\/wp\/v2\/product\/4748","targetHints":{"allow":["GET"]}}],"collection":[{"href":"https:\/\/orizzontiverticali.to.it\/index.php\/wp-json\/wp\/v2\/product"}],"about":[{"href":"https:\/\/orizzontiverticali.to.it\/index.php\/wp-json\/wp\/v2\/types\/product"}],"wp:featuredmedia":[{"embeddable":true,"href":"https:\/\/orizzontiverticali.to.it\/index.php\/wp-json\/wp\/v2\/media\/4749"}],"wp:attachment":[{"href":"https:\/\/orizzontiverticali.to.it\/index.php\/wp-json\/wp\/v2\/media?parent=4748"}],"wp:term":[{"taxonomy":"product_cat","embeddable":true,"href":"https:\/\/orizzontiverticali.to.it\/index.php\/wp-json\/wp\/v2\/product_cat?post=4748"},{"taxonomy":"product_tag","embeddable":true,"href":"https:\/\/orizzontiverticali.to.it\/index.php\/wp-json\/wp\/v2\/product_tag?post=4748"}],"curies":[{"name":"wp","href":"https:\/\/api.w.org\/{rel}","templated":true}]}}