{"id":4733,"date":"2023-06-30T11:49:31","date_gmt":"2023-06-30T11:49:31","guid":{"rendered":"https:\/\/orizzontiverticali.to.it\/?post_type=product&#038;p=4733"},"modified":"2023-06-30T11:49:31","modified_gmt":"2023-06-30T11:49:31","slug":"black-diamond-vision-helmet","status":"publish","type":"product","link":"https:\/\/orizzontiverticali.to.it\/index.php\/prodotto\/black-diamond-vision-helmet\/","title":{"rendered":"Black Diamond Vision Helmet"},"content":{"rendered":"<ul>\n<li>numerose aperture di ventilazione permettono un abbondante flusso d&#8217;aria per una traspirazione ottimale<\/li>\n<li>fissaggio per lampada frontale<\/li>\n<li>sistema di sospensione a basso profilo<\/li>\n<li>regolazione a cricchetto<\/li>\n<li>inserti Velcro reverse rimovibili<\/li>\n<\/ul>\n","protected":false},"excerpt":{"rendered":"<p>Vision \u00e8 il casco in schiuma pi\u00f9 resistente della linea di Black Diamond, ed \u00e8 caratterizzato da una fusione fra un guscio in schiuma EPP, un disco in schiuma EPS e una calotta in policarbonato, che resiste agli impatti nonostante l&#8217;incredibile leggerezza della struttura. La migliorata copertura laterale e posteriore raggiunge un nuovo livello di protezione che soddisfa i requisiti UIAA.<\/p>\n","protected":false},"featured_media":4734,"template":"","meta":{"inline_featured_image":false},"product_cat":[43,56,98,186,91,101,206],"product_tag":[515,516,656],"class_list":["post-4733","product","type-product","status-publish","has-post-thumbnail","hentry","product_cat-alpinismo","product_cat-arrampicata","product_cat-arrampicata-attrezzatura","product_cat-attrezzatura-alpinismo","product_cat-caschi","product_cat-caschi-arrampicata-attrezzatura","product_cat-caschi-uomo","product_tag-casco-alpinismo","product_tag-casco-arrampicata","product_tag-casco-leggero"],"_links":{"self":[{"href":"https:\/\/orizzontiverticali.to.it\/index.php\/wp-json\/wp\/v2\/product\/4733","targetHints":{"allow":["GET"]}}],"collection":[{"href":"https:\/\/orizzontiverticali.to.it\/index.php\/wp-json\/wp\/v2\/product"}],"about":[{"href":"https:\/\/orizzontiverticali.to.it\/index.php\/wp-json\/wp\/v2\/types\/product"}],"wp:featuredmedia":[{"embeddable":true,"href":"https:\/\/orizzontiverticali.to.it\/index.php\/wp-json\/wp\/v2\/media\/4734"}],"wp:attachment":[{"href":"https:\/\/orizzontiverticali.to.it\/index.php\/wp-json\/wp\/v2\/media?parent=4733"}],"wp:term":[{"taxonomy":"product_cat","embeddable":true,"href":"https:\/\/orizzontiverticali.to.it\/index.php\/wp-json\/wp\/v2\/product_cat?post=4733"},{"taxonomy":"product_tag","embeddable":true,"href":"https:\/\/orizzontiverticali.to.it\/index.php\/wp-json\/wp\/v2\/product_tag?post=4733"}],"curies":[{"name":"wp","href":"https:\/\/api.w.org\/{rel}","templated":true}]}}