{"id":4717,"date":"2023-06-30T10:44:16","date_gmt":"2023-06-30T10:44:16","guid":{"rendered":"https:\/\/orizzontiverticali.to.it\/?post_type=product&#038;p=4717"},"modified":"2023-09-22T16:25:35","modified_gmt":"2023-09-22T16:25:35","slug":"black-diamond-momentum-4s","status":"publish","type":"product","link":"https:\/\/orizzontiverticali.to.it\/index.php\/prodotto\/black-diamond-momentum-4s\/","title":{"rendered":"Black Diamond Momentum 4s"},"content":{"rendered":"<ul>\n<li>2 fibbie Speed sulla cintura e 1 per cosciale per una regolazione perfetta<\/li>\n<li>cinghia ventrale ergonomicamente imbottita e con Dual Core Construction<\/li>\n<li>4 asole per materiale preformate a pressione<\/li>\n<li>cinghie posteriori elastiche, regolabili e staccabili<\/li>\n<li>materiale: Nylon 210 D Ripstop, Poly 400D ripstop<\/li>\n<\/ul>\n","protected":false},"excerpt":{"rendered":"<p>L&#8217;imbrago Momentum 4S di Black Diamond si presenta con ben 4 fibbie che offrono la massima adattabilit\u00e0 per un fit preciso e confortevole, ed \u00e8 cos\u00ec versatile che lo si pu\u00f2 utilizzare sia nelle soste in palestra che sulle salite alpine moderate.<\/p>\n","protected":false},"featured_media":4718,"template":"","meta":{"inline_featured_image":false},"product_cat":[56,98,99,209,208],"product_tag":[597,648,317],"class_list":["post-4717","product","type-product","status-publish","has-post-thumbnail","hentry","product_cat-arrampicata","product_cat-arrampicata-attrezzatura","product_cat-imbraghi-arrampicata-attrezzatura","product_cat-imbraghi-donna","product_cat-imbraghi-uomo","product_tag-climbing","product_tag-imbrago-arrammpicata","product_tag-multi-pitch"],"_links":{"self":[{"href":"https:\/\/orizzontiverticali.to.it\/index.php\/wp-json\/wp\/v2\/product\/4717","targetHints":{"allow":["GET"]}}],"collection":[{"href":"https:\/\/orizzontiverticali.to.it\/index.php\/wp-json\/wp\/v2\/product"}],"about":[{"href":"https:\/\/orizzontiverticali.to.it\/index.php\/wp-json\/wp\/v2\/types\/product"}],"wp:featuredmedia":[{"embeddable":true,"href":"https:\/\/orizzontiverticali.to.it\/index.php\/wp-json\/wp\/v2\/media\/4718"}],"wp:attachment":[{"href":"https:\/\/orizzontiverticali.to.it\/index.php\/wp-json\/wp\/v2\/media?parent=4717"}],"wp:term":[{"taxonomy":"product_cat","embeddable":true,"href":"https:\/\/orizzontiverticali.to.it\/index.php\/wp-json\/wp\/v2\/product_cat?post=4717"},{"taxonomy":"product_tag","embeddable":true,"href":"https:\/\/orizzontiverticali.to.it\/index.php\/wp-json\/wp\/v2\/product_tag?post=4717"}],"curies":[{"name":"wp","href":"https:\/\/api.w.org\/{rel}","templated":true}]}}