{"id":4705,"date":"2023-06-30T08:45:05","date_gmt":"2023-06-30T08:45:05","guid":{"rendered":"https:\/\/orizzontiverticali.to.it\/?post_type=product&#038;p=4705"},"modified":"2023-06-30T08:45:05","modified_gmt":"2023-06-30T08:45:05","slug":"mammut-ophir-3-slide","status":"publish","type":"product","link":"https:\/\/orizzontiverticali.to.it\/index.php\/prodotto\/mammut-ophir-3-slide\/","title":{"rendered":"Mammut Ophir 3 slide"},"content":{"rendered":"<ul>\n<li>quattro porta materiali<\/li>\n<li>un anello di traino ad alta resistenza sul retro che pu\u00f2 sopportare fino a 4 kN<\/li>\n<li>la tecnologia a doppia banda distribuisce la pressione in modo pi\u00f9 uniforme sui fianchi<\/li>\n<li>imbracatura da arrampicata imbottita<\/li>\n<li>3 fibbie<\/li>\n<\/ul>\n","protected":false},"excerpt":{"rendered":"<p>Ophir 3 Slide di Mammut \u00e8 un comodo imbrago da arrampicata ideale per ogni avventura. Con le sue tre fibbie a scorrimento, \u00e8 versatile e pu\u00f2 essere indossato sopra i pantaloni hardshell quando si scala sul ghiaccio.<\/p>\n","protected":false},"featured_media":4706,"template":"","meta":{"inline_featured_image":false},"product_cat":[43,56,98,186,90,99],"product_tag":[214,597,640,587,589,639],"class_list":["post-4705","product","type-product","status-publish","has-post-thumbnail","hentry","product_cat-alpinismo","product_cat-arrampicata","product_cat-arrampicata-attrezzatura","product_cat-attrezzatura-alpinismo","product_cat-imbraghi","product_cat-imbraghi-arrampicata-attrezzatura","product_tag-cascatismo","product_tag-climbing","product_tag-ice-climbing","product_tag-imbrago-alpinismo","product_tag-imbrago-arrampicata","product_tag-imbrago-cascate-di-ghiaccio"],"_links":{"self":[{"href":"https:\/\/orizzontiverticali.to.it\/index.php\/wp-json\/wp\/v2\/product\/4705","targetHints":{"allow":["GET"]}}],"collection":[{"href":"https:\/\/orizzontiverticali.to.it\/index.php\/wp-json\/wp\/v2\/product"}],"about":[{"href":"https:\/\/orizzontiverticali.to.it\/index.php\/wp-json\/wp\/v2\/types\/product"}],"wp:featuredmedia":[{"embeddable":true,"href":"https:\/\/orizzontiverticali.to.it\/index.php\/wp-json\/wp\/v2\/media\/4706"}],"wp:attachment":[{"href":"https:\/\/orizzontiverticali.to.it\/index.php\/wp-json\/wp\/v2\/media?parent=4705"}],"wp:term":[{"taxonomy":"product_cat","embeddable":true,"href":"https:\/\/orizzontiverticali.to.it\/index.php\/wp-json\/wp\/v2\/product_cat?post=4705"},{"taxonomy":"product_tag","embeddable":true,"href":"https:\/\/orizzontiverticali.to.it\/index.php\/wp-json\/wp\/v2\/product_tag?post=4705"}],"curies":[{"name":"wp","href":"https:\/\/api.w.org\/{rel}","templated":true}]}}