{"id":4666,"date":"2023-06-28T15:17:26","date_gmt":"2023-06-28T15:17:26","guid":{"rendered":"https:\/\/orizzontiverticali.to.it\/?post_type=product&#038;p=4666"},"modified":"2023-06-28T15:29:46","modified_gmt":"2023-06-28T15:29:46","slug":"osprey-rook-65","status":"publish","type":"product","link":"https:\/\/orizzontiverticali.to.it\/index.php\/prodotto\/osprey-rook-65\/","title":{"rendered":"Osprey Rook 65"},"content":{"rendered":"<p>Il Rook 65 ha un sistema di supporto lombare ventilato estremamente regolabile che sfrutta il sistema AirSpeed a rete sospesa sopra un ampio incavo che consente il flusso dell&#8217;aria. Ci\u00f2 permette alla cintura in vita e all&#8217;area lombare dello zaino di avvolgere perfettamente il corpo, aumentando il comfort generale e fornendo grande stabilit\u00e0 e supporto nel trasporto del carico. La regolazione della lunghezza del busto \u00e8 molto intuitiva e sfrutta un innovativo sistema di chiusura progressivo. Il Rook 65 pu\u00f2 essere regolato rapidamente e con facilit\u00e0 per una vestibilit\u00e0 perfetta. Per potersi adattare a busti di qualunque lunghezza, questi zaini sono dotati di due punti di sollevamento carico nella parte superiore del telaio: grazie a essi l&#8217;imbracatura rimane sempre confortevole, comunque sia posizionata. Un&#8217;ampia cintura in vita estremamente imbottita fornisce una vestibilit\u00e0 perfetta e rende pi\u00f9 agevole il trasporto di carichi pesanti nello zaino.<\/p>\n<p>Il Rook ha tutto il necessario per escursioni di pi\u00f9 giorni, nonch\u00e9 un&#8217;elevata capienza con punti di accesso dal coperchio superiore e dal compartimento inferiore per il sacco a pelo. Un divisorio interno crea uno scomparto inferiore separato che pu\u00f2 essere aperto quando non serve. Molteplici cinghie di compressione permettono allo zaino di rimanere stabile senza interferire con le tasche a rete per le borracce. Due tasche sulla cintura in vita e un&#8217;ampia tasca sul coperchio superiore offrono facile accesso agli oggetti pi\u00f9 piccoli.<\/p>\n<p>Se ne avessi bisogno, il Rook \u00e8 compatibile con gli zaini giornalieri Daylite di Osprey, che si possono attaccare allo zaino pi\u00f9 grande aumentandone la capienza e dandoti la possibilit\u00e0 di lasciare al campo base lo zaino voluminoso per fare un&#8217;escursione pi\u00f9 breve con quello giornaliero.<\/p>\n<p>Grazie a tutti questi dettagli e vantaggi, il Rook si dimostrer\u00e0 sempre all&#8217;altezza.<\/p>\n","protected":false},"excerpt":{"rendered":"<p>Con un design semplice e progressivo il Rook 65 \u00e8 uno zaino da backpacking altamente innovativo progettato per offrire alti livelli di comfort e una vestibilit\u00e0 straordinaria.<\/p>\n","protected":false},"featured_media":4668,"template":"","meta":{"inline_featured_image":false},"product_cat":[59,128,75,175,195],"product_tag":[456,578],"class_list":["post-4666","product","type-product","status-publish","has-post-thumbnail","hentry","product_cat-trekking","product_cat-trekking-zaini","product_cat-uomo","product_cat-zaini","product_cat-zaini-uomo","product_tag-zaino-trekking","product_tag-zaino-uomo"],"_links":{"self":[{"href":"https:\/\/orizzontiverticali.to.it\/index.php\/wp-json\/wp\/v2\/product\/4666","targetHints":{"allow":["GET"]}}],"collection":[{"href":"https:\/\/orizzontiverticali.to.it\/index.php\/wp-json\/wp\/v2\/product"}],"about":[{"href":"https:\/\/orizzontiverticali.to.it\/index.php\/wp-json\/wp\/v2\/types\/product"}],"wp:featuredmedia":[{"embeddable":true,"href":"https:\/\/orizzontiverticali.to.it\/index.php\/wp-json\/wp\/v2\/media\/4668"}],"wp:attachment":[{"href":"https:\/\/orizzontiverticali.to.it\/index.php\/wp-json\/wp\/v2\/media?parent=4666"}],"wp:term":[{"taxonomy":"product_cat","embeddable":true,"href":"https:\/\/orizzontiverticali.to.it\/index.php\/wp-json\/wp\/v2\/product_cat?post=4666"},{"taxonomy":"product_tag","embeddable":true,"href":"https:\/\/orizzontiverticali.to.it\/index.php\/wp-json\/wp\/v2\/product_tag?post=4666"}],"curies":[{"name":"wp","href":"https:\/\/api.w.org\/{rel}","templated":true}]}}