{"id":4664,"date":"2023-06-28T15:06:58","date_gmt":"2023-06-28T15:06:58","guid":{"rendered":"https:\/\/orizzontiverticali.to.it\/?post_type=product&#038;p=4664"},"modified":"2023-06-28T15:06:58","modified_gmt":"2023-06-28T15:06:58","slug":"osprey-aura-ag-50-woman","status":"publish","type":"product","link":"https:\/\/orizzontiverticali.to.it\/index.php\/prodotto\/osprey-aura-ag-50-woman\/","title":{"rendered":"Osprey Aura AG 50 Woman"},"content":{"rendered":"<p>L&#8217;innovativo zaino Osprey Aura AG 50, con il premiato sistema di sospensione antiGravity, studiato apposta perledonne eadatto sia alle esperte che alle principianti. Zaino dalla vestibilit\u00e0 perfetta grazie all&#8217;imbracatura e la cintura in vita Fit-on-the-Fly, che garantiscono maggior comfort e una vestibilit\u00e0 perfetta. Copertura antipioggia integrata per tenere lo zaino e l&#8217;atrezzatura asciutti quando il tempo \u00e8 inclemente. Un ampio accesso allo scomparto principale per mezzo di una cerniera ricurvasu entrambi i lati migliora l&#8217;organizzazione.<\/p>\n","protected":false},"excerpt":{"rendered":"<p>L&#8217;Aura AG 50 \u00e8 lo zaino da avere con s\u00e8 nei viaggi leggeri di pi\u00f9 giorni, quando comfort e ventilazione sono di primaria importmanza e serve una vestibilit\u00e0 specifica per donna. Perfetto per trekking e backpacking.<\/p>\n","protected":false},"featured_media":4665,"template":"","meta":{"inline_featured_image":false},"product_cat":[76,171,59,128,175,196],"product_tag":[574,573,456],"class_list":["post-4664","product","type-product","status-publish","has-post-thumbnail","hentry","product_cat-donna","product_cat-escursionismo","product_cat-trekking","product_cat-trekking-zaini","product_cat-zaini","product_cat-zaini-donna","product_tag-zaino-donna","product_tag-zaino-escursionismo","product_tag-zaino-trekking"],"_links":{"self":[{"href":"https:\/\/orizzontiverticali.to.it\/index.php\/wp-json\/wp\/v2\/product\/4664","targetHints":{"allow":["GET"]}}],"collection":[{"href":"https:\/\/orizzontiverticali.to.it\/index.php\/wp-json\/wp\/v2\/product"}],"about":[{"href":"https:\/\/orizzontiverticali.to.it\/index.php\/wp-json\/wp\/v2\/types\/product"}],"wp:featuredmedia":[{"embeddable":true,"href":"https:\/\/orizzontiverticali.to.it\/index.php\/wp-json\/wp\/v2\/media\/4665"}],"wp:attachment":[{"href":"https:\/\/orizzontiverticali.to.it\/index.php\/wp-json\/wp\/v2\/media?parent=4664"}],"wp:term":[{"taxonomy":"product_cat","embeddable":true,"href":"https:\/\/orizzontiverticali.to.it\/index.php\/wp-json\/wp\/v2\/product_cat?post=4664"},{"taxonomy":"product_tag","embeddable":true,"href":"https:\/\/orizzontiverticali.to.it\/index.php\/wp-json\/wp\/v2\/product_tag?post=4664"}],"curies":[{"name":"wp","href":"https:\/\/api.w.org\/{rel}","templated":true}]}}