{"id":4657,"date":"2023-06-27T17:03:08","date_gmt":"2023-06-27T17:03:08","guid":{"rendered":"https:\/\/orizzontiverticali.to.it\/?post_type=product&#038;p=4657"},"modified":"2023-06-27T17:03:09","modified_gmt":"2023-06-27T17:03:09","slug":"scarpa-ribelle-tech-3-hd","status":"publish","type":"product","link":"https:\/\/orizzontiverticali.to.it\/index.php\/prodotto\/scarpa-ribelle-tech-3-hd\/","title":{"rendered":"Scarpa Ribelle Tech 3 HD"},"content":{"rendered":"<div class=\"feature_title\" data-lang=\"attribute_suola\">SUOLA<\/div>\n<p>La suola Precision Tech Roll Lite, \u00e8 un innovativo sistema suola che offre numerosi vantaggi: maggiore stabilit\u00e0 laterale, maggiore sicurezza in frenata, comfort nelle lunghe distanze, efficienza nell&#8217;arrampicata, leggerezza e precisione. Unica nel suo genere grazie al DROP 6.<\/p>\n<div class=\"feature_title\" data-lang=\"attribute_tomaia\">TOMAIA<\/div>\n<p>La tomaia a calza, realizzata con tecnologia knit, mescola pi\u00f9 filati in diverse strutture fornendo propriet\u00e0 come elasticit\u00e0, robustezza e resistenza all\u2019abrasione. In particolare Polartec\u00ae Windbloc\u00ae offre la massima protezione dagli agenti atmosferici quali vento, acqua e freddo, pur consentendo all&#8217;umidit\u00e0 di permeare all\u2019esterno.<\/p>\n<div class=\"feature_title\" data-lang=\"attribute_fodera\">FODERA<\/div>\n<p>La tecnologia brevettata HDry\u00ae &#8216;3D Direct Lamination&#8217; garantisce prestazioni massime in termini di impermeabilit\u00e0, traspirabilit\u00e0 e leggerezza della calzatura. Grazie a questo innovativo sistema costruttivo, l&#8217;acqua viene bloccata sullo strato pi\u00f9 esterno; la calzatura non si inzuppa, il comfort generale aumenta, garantendo prestazioni elevate in ogni condizione atmosferica. La membrana HDry \u00e8 certificate OEKO-TEX STANDARD 100 ed \u00e8 totalmente priva di PTFE, durante la sua produzione non viene utilizzato nessun perfluorurato (come PFC, PFOS, PFOA)<\/p>\n<div class=\"feature_title\" data-lang=\"attribute_lacing\">ALLACCIATURA<\/div>\n<p><b>LACE PROTECTION COVER<\/b>Copertura di protezione all\u2019allacciatura in PU con design dedicato.<b>SPEED LACING SYSTEM<\/b>un sistema di derivazione Trail Running, per permettere ai lacci di scorrere agevolmente e regolare la vestibilit\u00e0 in un solo movimento.<b>FAST STRAP VELCRO<\/b>Fascione alla caviglia che consente la massima adattabilit\u00e0 e da supporto durante la scalata e comfort in camminata.<\/p>\n","protected":false},"excerpt":{"rendered":"<p>L\u2019evoluzione dell\u2019iconico e innovativo scarpone per l\u2019alpinismo fast &amp; light. Oggi, il nuovo RIBELLE TECH 3 HD, con maggiore tecnicit\u00e0 ed efficienza, rappresenta il pi\u00f9 rivoluzionario scarpone da montagna all-round. Peso ridotto e vocazione alla performance, questo scarpone lancia una sfida agli standard di categoria.<br \/>\nMade in Asolo (Italy).<\/p>\n","protected":false},"featured_media":4658,"template":"","meta":{"inline_featured_image":false},"product_cat":[43,179,176,181,198,75],"product_tag":[247,613,255,248,612,79],"class_list":["post-4657","product","type-product","status-publish","has-post-thumbnail","hentry","product_cat-alpinismo","product_cat-alpinismo-calzature-uomo","product_cat-calzature","product_cat-calzature-alpinismo","product_cat-calzature-uomo","product_cat-uomo","product_tag-alpinismo-tecnico","product_tag-alta-quota","product_tag-ghiacciaio","product_tag-misto","product_tag-scarpa-alpinismo-veloce","product_tag-uomo"],"_links":{"self":[{"href":"https:\/\/orizzontiverticali.to.it\/index.php\/wp-json\/wp\/v2\/product\/4657","targetHints":{"allow":["GET"]}}],"collection":[{"href":"https:\/\/orizzontiverticali.to.it\/index.php\/wp-json\/wp\/v2\/product"}],"about":[{"href":"https:\/\/orizzontiverticali.to.it\/index.php\/wp-json\/wp\/v2\/types\/product"}],"wp:featuredmedia":[{"embeddable":true,"href":"https:\/\/orizzontiverticali.to.it\/index.php\/wp-json\/wp\/v2\/media\/4658"}],"wp:attachment":[{"href":"https:\/\/orizzontiverticali.to.it\/index.php\/wp-json\/wp\/v2\/media?parent=4657"}],"wp:term":[{"taxonomy":"product_cat","embeddable":true,"href":"https:\/\/orizzontiverticali.to.it\/index.php\/wp-json\/wp\/v2\/product_cat?post=4657"},{"taxonomy":"product_tag","embeddable":true,"href":"https:\/\/orizzontiverticali.to.it\/index.php\/wp-json\/wp\/v2\/product_tag?post=4657"}],"curies":[{"name":"wp","href":"https:\/\/api.w.org\/{rel}","templated":true}]}}