{"id":4592,"date":"2023-06-22T11:13:54","date_gmt":"2023-06-22T11:13:54","guid":{"rendered":"https:\/\/orizzontiverticali.to.it\/?post_type=product&#038;p=4592"},"modified":"2023-06-22T11:13:54","modified_gmt":"2023-06-22T11:13:54","slug":"wild-country-spotter-t-shirt","status":"publish","type":"product","link":"https:\/\/orizzontiverticali.to.it\/index.php\/prodotto\/wild-country-spotter-t-shirt\/","title":{"rendered":"Wild Country Spotter T-Shirt"},"content":{"rendered":"<ul>\n<li>100% cotone biologico<\/li>\n<li>Classica vestibilit\u00e0 girocollo<\/li>\n<li>Taschino frontale con patch con logo heritage<\/li>\n<li>Inserti laterali sull&#8217;orlo inferiore<\/li>\n<li>Discreto logo circolare sulla schiena<\/li>\n<li>Prodotto in Portogallo<\/li>\n<li>Wild Country \u00e8 membro di Fair Wear Foundation<\/li>\n<\/ul>\n","protected":false},"excerpt":{"rendered":"<p>Comoda T-shirt da uomo in cotone biologico. La T-shirt Spotter \u00e8 realizzata in cotone biologico, naturalmente morbido ed elasticizzato, per offrire la massima comodit\u00e0 sia su roccia che in palestra. Il tessuto di altissima qualit\u00e0 \u00e8 stato progettato per resistere a lungo all\u2019usura. La vestibilit\u00e0 \u00e8 ampia e sono presenti piccoli inserti laterali sull&#8217;orlo inferiore.<\/p>\n","protected":false},"featured_media":4593,"template":"","meta":{"inline_featured_image":false},"product_cat":[151,200,56,97,165,141,142],"product_tag":[584,583,585],"class_list":["post-4592","product","type-product","status-publish","has-post-thumbnail","hentry","product_cat-abbigliamento","product_cat-abbigliamento-uomo","product_cat-arrampicata","product_cat-arrampicata-abbigliamento","product_cat-maglie-e-camicie","product_cat-travel-e-tempo-libero","product_cat-travel-e-tempo-libero-abbigliamento","product_tag-maglietta-arrampicata","product_tag-maglietta-estiva","product_tag-maglietta-travel-e-tempo-libero"],"_links":{"self":[{"href":"https:\/\/orizzontiverticali.to.it\/index.php\/wp-json\/wp\/v2\/product\/4592","targetHints":{"allow":["GET"]}}],"collection":[{"href":"https:\/\/orizzontiverticali.to.it\/index.php\/wp-json\/wp\/v2\/product"}],"about":[{"href":"https:\/\/orizzontiverticali.to.it\/index.php\/wp-json\/wp\/v2\/types\/product"}],"wp:featuredmedia":[{"embeddable":true,"href":"https:\/\/orizzontiverticali.to.it\/index.php\/wp-json\/wp\/v2\/media\/4593"}],"wp:attachment":[{"href":"https:\/\/orizzontiverticali.to.it\/index.php\/wp-json\/wp\/v2\/media?parent=4592"}],"wp:term":[{"taxonomy":"product_cat","embeddable":true,"href":"https:\/\/orizzontiverticali.to.it\/index.php\/wp-json\/wp\/v2\/product_cat?post=4592"},{"taxonomy":"product_tag","embeddable":true,"href":"https:\/\/orizzontiverticali.to.it\/index.php\/wp-json\/wp\/v2\/product_tag?post=4592"}],"curies":[{"name":"wp","href":"https:\/\/api.w.org\/{rel}","templated":true}]}}