{"id":4581,"date":"2023-06-17T16:20:34","date_gmt":"2023-06-17T16:20:34","guid":{"rendered":"https:\/\/orizzontiverticali.to.it\/?post_type=product&#038;p=4581"},"modified":"2023-06-17T16:20:34","modified_gmt":"2023-06-17T16:20:34","slug":"osprey-duro-6","status":"publish","type":"product","link":"https:\/\/orizzontiverticali.to.it\/index.php\/prodotto\/osprey-duro-6\/","title":{"rendered":"Osprey duro 6"},"content":{"rendered":"<p>Il Duro 6 ha due borracce morbide hydraulics da 500ml che danno sicurezza quando si \u00e8 lontani dai rifornimenti. spazio a sufficienza per degli strati extra e per le calorie necessarie nelle giornate pi\u00f9 impegnative. Tasche sui fianchi, opzioni intelligenti per cibo e oggetti di valore, possibilit\u00e0 di riporre bastoncini da Trekking. Due cinghie pettorali regolabili e rimovibili ad aggancio rapido per una stabilit\u00e0 personalizzata. Prodotto interamente con materiali riciclati.<\/p>\n","protected":false},"excerpt":{"rendered":"<p>Lo zainetto osprey scelto dai runner di tutto il mondo. Il Duro 6 trasporta 1 litro d&#8217;acqua e ha spazio da vendere per farti spingere ancora pi\u00f9 lontano e affrontare lunghe giornate sui sentieri.<\/p>\n","protected":false},"featured_media":4582,"template":"","meta":{"inline_featured_image":false},"product_cat":[46,138,175,196,195],"product_tag":[60,581,582],"class_list":["post-4581","product","type-product","status-publish","has-post-thumbnail","hentry","product_cat-running","product_cat-running-zaini","product_cat-zaini","product_cat-zaini-donna","product_cat-zaini-uomo","product_tag-running","product_tag-zainetto-corsa","product_tag-zainetto-trail"],"_links":{"self":[{"href":"https:\/\/orizzontiverticali.to.it\/index.php\/wp-json\/wp\/v2\/product\/4581","targetHints":{"allow":["GET"]}}],"collection":[{"href":"https:\/\/orizzontiverticali.to.it\/index.php\/wp-json\/wp\/v2\/product"}],"about":[{"href":"https:\/\/orizzontiverticali.to.it\/index.php\/wp-json\/wp\/v2\/types\/product"}],"wp:featuredmedia":[{"embeddable":true,"href":"https:\/\/orizzontiverticali.to.it\/index.php\/wp-json\/wp\/v2\/media\/4582"}],"wp:attachment":[{"href":"https:\/\/orizzontiverticali.to.it\/index.php\/wp-json\/wp\/v2\/media?parent=4581"}],"wp:term":[{"taxonomy":"product_cat","embeddable":true,"href":"https:\/\/orizzontiverticali.to.it\/index.php\/wp-json\/wp\/v2\/product_cat?post=4581"},{"taxonomy":"product_tag","embeddable":true,"href":"https:\/\/orizzontiverticali.to.it\/index.php\/wp-json\/wp\/v2\/product_tag?post=4581"}],"curies":[{"name":"wp","href":"https:\/\/api.w.org\/{rel}","templated":true}]}}