{"id":4577,"date":"2023-06-17T15:50:41","date_gmt":"2023-06-17T15:50:41","guid":{"rendered":"https:\/\/orizzontiverticali.to.it\/?post_type=product&#038;p=4577"},"modified":"2023-06-17T15:50:41","modified_gmt":"2023-06-17T15:50:41","slug":"osprey-atmos-ag-50","status":"publish","type":"product","link":"https:\/\/orizzontiverticali.to.it\/index.php\/prodotto\/osprey-atmos-ag-50\/","title":{"rendered":"Osprey Atmos AG 50"},"content":{"rendered":"<p>L&#8217;Atmos AG 50 \u00e8 lo zaino dalla vestibilit\u00e0 perfetta. Imbracatura e cintura in vita Fit-on-the-fly garantiscono maggior comfort e un&#8217;ottima vestibilit\u00e0. La copertura antipioggia integrata tiene asciutto lo zaino e l&#8217;atrezzatura anche quando il tempo \u00e8 inclemente. Un ampio accesso allo scomparto principale per mezzo di una cerniera ricurva su entrambi i lati permetto accessi rapidi all&#8217;atrezzatura. Zaino dall&#8217;organizzazione migliorata!<\/p>\n","protected":false},"excerpt":{"rendered":"<p>L&#8217;Atmos AG 50 sfoggia il premiato sistema di sopsensione AntiGravity, che a ogni passo sembra far sparire il peso che si ha in spalla. Zaino innovativo e pratico con caratteristiche curate nei minimi dettagli eadatto a esperti e principianti. Interamente realizzato in materiali riciclati. Uno zaino che sa offrire la versatilit\u00e0 pi\u00f9 comoda che esista!<\/p>\n","protected":false},"featured_media":4578,"template":"","meta":{"inline_featured_image":false},"product_cat":[59,128,75,175,195],"product_tag":[580,456,578],"class_list":["post-4577","product","type-product","status-publish","has-post-thumbnail","hentry","product_cat-trekking","product_cat-trekking-zaini","product_cat-uomo","product_cat-zaini","product_cat-zaini-uomo","product_tag-zaino-spedizione","product_tag-zaino-trekking","product_tag-zaino-uomo"],"_links":{"self":[{"href":"https:\/\/orizzontiverticali.to.it\/index.php\/wp-json\/wp\/v2\/product\/4577","targetHints":{"allow":["GET"]}}],"collection":[{"href":"https:\/\/orizzontiverticali.to.it\/index.php\/wp-json\/wp\/v2\/product"}],"about":[{"href":"https:\/\/orizzontiverticali.to.it\/index.php\/wp-json\/wp\/v2\/types\/product"}],"wp:featuredmedia":[{"embeddable":true,"href":"https:\/\/orizzontiverticali.to.it\/index.php\/wp-json\/wp\/v2\/media\/4578"}],"wp:attachment":[{"href":"https:\/\/orizzontiverticali.to.it\/index.php\/wp-json\/wp\/v2\/media?parent=4577"}],"wp:term":[{"taxonomy":"product_cat","embeddable":true,"href":"https:\/\/orizzontiverticali.to.it\/index.php\/wp-json\/wp\/v2\/product_cat?post=4577"},{"taxonomy":"product_tag","embeddable":true,"href":"https:\/\/orizzontiverticali.to.it\/index.php\/wp-json\/wp\/v2\/product_tag?post=4577"}],"curies":[{"name":"wp","href":"https:\/\/api.w.org\/{rel}","templated":true}]}}