{"id":4572,"date":"2023-06-17T14:21:45","date_gmt":"2023-06-17T14:21:45","guid":{"rendered":"https:\/\/orizzontiverticali.to.it\/?post_type=product&#038;p=4572"},"modified":"2023-06-17T14:21:45","modified_gmt":"2023-06-17T14:21:45","slug":"osprey-talon-44","status":"publish","type":"product","link":"https:\/\/orizzontiverticali.to.it\/index.php\/prodotto\/osprey-talon-44\/","title":{"rendered":"Osprey Talon 44"},"content":{"rendered":"<p>Zaino progettato con schienale Airscape in schiuma fustellata e stampato a iniezione che garantisce aderenza e traspirabilit\u00e0. L&#8217;imbracatura e la cintura in vita flessibili BioStretch avvolgono con continuit\u00e0 tutta la fascia che va dalla zona lombare alla cintura, permettendo movimenti dinamici. Zaino leggero ideato con una perfetta stabilit\u00e0 per consentire movimenti dinamici anche sui tereeni pi\u00f9 tecnici. Appartenente alla serie Talon\/Tempest, zaini multidisciplinari che soddisfano le necessit\u00e0 di escursionisti, ciclisti e tutti gli altri sportivi. Realizzato in nylon riciclato ad alta tenacit\u00e0 e di elevata qualit\u00e0 certificato Bluesign.<\/p>\n","protected":false},"excerpt":{"rendered":"<p>Lo zaino pensato per i viaggiatori che vogliono avventure ultraleggere di pi\u00f9 giorni. appartenente alla serie multidisciplinare Talon\/Tempest, zaini leggeri per attivit\u00e0 come escursionismo e ciclismo.<\/p>\n","protected":false},"featured_media":4573,"template":"","meta":{"inline_featured_image":false},"product_cat":[69,59,128,75,175,195],"product_tag":[573,456,578],"class_list":["post-4572","product","type-product","status-publish","has-post-thumbnail","hentry","product_cat-outdoor","product_cat-trekking","product_cat-trekking-zaini","product_cat-uomo","product_cat-zaini","product_cat-zaini-uomo","product_tag-zaino-escursionismo","product_tag-zaino-trekking","product_tag-zaino-uomo"],"_links":{"self":[{"href":"https:\/\/orizzontiverticali.to.it\/index.php\/wp-json\/wp\/v2\/product\/4572","targetHints":{"allow":["GET"]}}],"collection":[{"href":"https:\/\/orizzontiverticali.to.it\/index.php\/wp-json\/wp\/v2\/product"}],"about":[{"href":"https:\/\/orizzontiverticali.to.it\/index.php\/wp-json\/wp\/v2\/types\/product"}],"wp:featuredmedia":[{"embeddable":true,"href":"https:\/\/orizzontiverticali.to.it\/index.php\/wp-json\/wp\/v2\/media\/4573"}],"wp:attachment":[{"href":"https:\/\/orizzontiverticali.to.it\/index.php\/wp-json\/wp\/v2\/media?parent=4572"}],"wp:term":[{"taxonomy":"product_cat","embeddable":true,"href":"https:\/\/orizzontiverticali.to.it\/index.php\/wp-json\/wp\/v2\/product_cat?post=4572"},{"taxonomy":"product_tag","embeddable":true,"href":"https:\/\/orizzontiverticali.to.it\/index.php\/wp-json\/wp\/v2\/product_tag?post=4572"}],"curies":[{"name":"wp","href":"https:\/\/api.w.org\/{rel}","templated":true}]}}