{"id":4544,"date":"2023-06-16T10:23:47","date_gmt":"2023-06-16T10:23:47","guid":{"rendered":"https:\/\/orizzontiverticali.to.it\/?post_type=product&#038;p=4544"},"modified":"2023-06-16T10:23:47","modified_gmt":"2023-06-16T10:23:47","slug":"rab-tensor-5","status":"publish","type":"product","link":"https:\/\/orizzontiverticali.to.it\/index.php\/prodotto\/rab-tensor-5\/","title":{"rendered":"Rab Tensor 5"},"content":{"rendered":"<p>Il Tensor 5 \u00e8 dotato del sistema posteriore AirContour, con un pannello posteriore precurvato che favorisce una vestibilit\u00e0 pi\u00f9 aderente e un movimento pi\u00f9 naturale. Una tasca superiore con cerniera e un fermaglio per chiavi tengono al sicuro oggetti di valore come portafogli o telefoni mentre sei in movimento. Un anello luminoso e una grafica riflettente aiutano la visibilit\u00e0 al buio. Compatibile con il sistema di idratazioe, il Tensor 5 si adatta a una manica d&#8217;idratazione di 2 litri. Tasche laterali elasticizzate per borraccia.Con unsistema dorsale leggero e traspirante e un&#8217;imbracatura in rete d&#8217;aria adatta a movimenti energici. Il Tensor 5 \u00e8 ideale per brevi escursioni estive o gite in bici.<\/p>\n","protected":false},"excerpt":{"rendered":"<p>Zainetto Rab da 5 litri multiuso, leggero e adatto per l&#8217;escursionismo estivo, le gite in bicicletta e la corsa.<\/p>\n","protected":false},"featured_media":4545,"template":"","meta":{"inline_featured_image":false},"product_cat":[171,69,46,140,141,144,59,128,175,196],"product_tag":[569,240,57,60,568,567],"class_list":["post-4544","product","type-product","status-publish","has-post-thumbnail","hentry","product_cat-escursionismo","product_cat-outdoor","product_cat-running","product_cat-running-accessori","product_cat-travel-e-tempo-libero","product_cat-travel-e-tempo-libero-zaini","product_cat-trekking","product_cat-trekking-zaini","product_cat-zaini","product_cat-zaini-donna","product_tag-ciclismo","product_tag-corsa","product_tag-escursionismo","product_tag-running","product_tag-zainetto-leggero","product_tag-zainetto-multiuso"],"_links":{"self":[{"href":"https:\/\/orizzontiverticali.to.it\/index.php\/wp-json\/wp\/v2\/product\/4544","targetHints":{"allow":["GET"]}}],"collection":[{"href":"https:\/\/orizzontiverticali.to.it\/index.php\/wp-json\/wp\/v2\/product"}],"about":[{"href":"https:\/\/orizzontiverticali.to.it\/index.php\/wp-json\/wp\/v2\/types\/product"}],"wp:featuredmedia":[{"embeddable":true,"href":"https:\/\/orizzontiverticali.to.it\/index.php\/wp-json\/wp\/v2\/media\/4545"}],"wp:attachment":[{"href":"https:\/\/orizzontiverticali.to.it\/index.php\/wp-json\/wp\/v2\/media?parent=4544"}],"wp:term":[{"taxonomy":"product_cat","embeddable":true,"href":"https:\/\/orizzontiverticali.to.it\/index.php\/wp-json\/wp\/v2\/product_cat?post=4544"},{"taxonomy":"product_tag","embeddable":true,"href":"https:\/\/orizzontiverticali.to.it\/index.php\/wp-json\/wp\/v2\/product_tag?post=4544"}],"curies":[{"name":"wp","href":"https:\/\/api.w.org\/{rel}","templated":true}]}}