{"id":4533,"date":"2023-06-15T11:08:07","date_gmt":"2023-06-15T11:08:07","guid":{"rendered":"https:\/\/orizzontiverticali.to.it\/?post_type=product&#038;p=4533"},"modified":"2023-06-15T11:08:08","modified_gmt":"2023-06-15T11:08:08","slug":"rab-downpour-plus-2-0","status":"publish","type":"product","link":"https:\/\/orizzontiverticali.to.it\/index.php\/prodotto\/rab-downpour-plus-2-0\/","title":{"rendered":"Rab Downpour Plus 2.0"},"content":{"rendered":"<p>Il Downpour Plus 2.0 \u00e8 realizzato con Pertex Shield a due strati e mezzo con un tessuto esterno riciclato e finitura dwr priva di fluorocarburi. Leggero, morbido e altamente traspirante, offre un comfort eccezionale durante le escursioni. Il taglio regolare con braccia articolate \u00e8 ideale per un facile movimento e le cerniere AquaGuard consentono di aggiungere maggiore ventilazione. Il cappuccio \u00e8 compatibile con un casco, presenta visiera flessibile e una doppia regolazione per una protezione ottimizzata, nonch\u00e8 una linguetta anti strappo che consente di arrotolare la giacca e fissarlo in caso di vento.<\/p>\n","protected":false},"excerpt":{"rendered":"<p>Giacca impermeabile e antvento della Rab in tecnologia Pertex. Un comodo ultimostarto per proteggersi dagli agenti atmosferici e restare comodi e asciutti durante le escursioni.<\/p>\n","protected":false},"featured_media":4534,"template":"","meta":{"inline_featured_image":false},"product_cat":[151,200,171,162,141,142,59,127,75],"product_tag":[464,562,461,561,560,64],"class_list":["post-4533","product","type-product","status-publish","has-post-thumbnail","hentry","product_cat-abbigliamento","product_cat-abbigliamento-uomo","product_cat-escursionismo","product_cat-giacche","product_cat-travel-e-tempo-libero","product_cat-travel-e-tempo-libero-abbigliamento","product_cat-trekking","product_cat-trekking-abbigliamento","product_cat-uomo","product_tag-giacca-antivento","product_tag-giacca-escursionismo","product_tag-giacca-impermeabile","product_tag-giacca-in-pertex","product_tag-giacca-leggera","product_tag-trekking"],"_links":{"self":[{"href":"https:\/\/orizzontiverticali.to.it\/index.php\/wp-json\/wp\/v2\/product\/4533","targetHints":{"allow":["GET"]}}],"collection":[{"href":"https:\/\/orizzontiverticali.to.it\/index.php\/wp-json\/wp\/v2\/product"}],"about":[{"href":"https:\/\/orizzontiverticali.to.it\/index.php\/wp-json\/wp\/v2\/types\/product"}],"wp:featuredmedia":[{"embeddable":true,"href":"https:\/\/orizzontiverticali.to.it\/index.php\/wp-json\/wp\/v2\/media\/4534"}],"wp:attachment":[{"href":"https:\/\/orizzontiverticali.to.it\/index.php\/wp-json\/wp\/v2\/media?parent=4533"}],"wp:term":[{"taxonomy":"product_cat","embeddable":true,"href":"https:\/\/orizzontiverticali.to.it\/index.php\/wp-json\/wp\/v2\/product_cat?post=4533"},{"taxonomy":"product_tag","embeddable":true,"href":"https:\/\/orizzontiverticali.to.it\/index.php\/wp-json\/wp\/v2\/product_tag?post=4533"}],"curies":[{"name":"wp","href":"https:\/\/api.w.org\/{rel}","templated":true}]}}