{"id":4520,"date":"2023-06-14T16:17:17","date_gmt":"2023-06-14T16:17:17","guid":{"rendered":"https:\/\/orizzontiverticali.to.it\/?post_type=product&#038;p=4520"},"modified":"2023-06-14T16:17:17","modified_gmt":"2023-06-14T16:17:17","slug":"rab-torque","status":"publish","type":"product","link":"https:\/\/orizzontiverticali.to.it\/index.php\/prodotto\/rab-torque\/","title":{"rendered":"Rab Torque"},"content":{"rendered":"<p>Costruito per l&#8217;uso attivo in montagna in climi caldi, il Torque Pant flessibile e aderente \u00e8 un capo tecnico da arrampicata senza compromessi che offre la libert\u00e0 di cui hai bisogno. Realizzato in leggero tessuto Matrix a doppia trama con elasticit\u00e0 in quattro direzioni per la massima libert\u00e0 di movimento, il pantalon Torque presenta anche pannelli di rinforzo del ginocchio a contrasto che si estendono fino alla caviglia per un&#8217;eccezionale resistenza all&#8217;abrasione. Il design slim fit utilizza una zip sulla gamba con soffietto interno per maggiore ventilazione. Passanti sull&#8217;orlo inferiore per il fissaggio agli stivali. Tre tasche con cerniera per riporre oggetti. Leggero, comodo e altamente resistente.<\/p>\n","protected":false},"excerpt":{"rendered":"<p>Pantalone Rab tecnico leggero con pannelli di rinforzo dal ginocchio alla caviglia per arrampicate e vie escursionistiche alpine. Comodo, confortevole e altamente resistente.<\/p>\n","protected":false},"featured_media":4527,"template":"","meta":{"inline_featured_image":false},"product_cat":[151,200,56,97,171,166,59,127,75],"product_tag":[357,556],"class_list":["post-4520","product","type-product","status-publish","has-post-thumbnail","hentry","product_cat-abbigliamento","product_cat-abbigliamento-uomo","product_cat-arrampicata","product_cat-arrampicata-abbigliamento","product_cat-escursionismo","product_cat-pantaloni","product_cat-trekking","product_cat-trekking-abbigliamento","product_cat-uomo","product_tag-pantalone-arrampicata","product_tag-pantalone-trekking-alpino"],"_links":{"self":[{"href":"https:\/\/orizzontiverticali.to.it\/index.php\/wp-json\/wp\/v2\/product\/4520","targetHints":{"allow":["GET"]}}],"collection":[{"href":"https:\/\/orizzontiverticali.to.it\/index.php\/wp-json\/wp\/v2\/product"}],"about":[{"href":"https:\/\/orizzontiverticali.to.it\/index.php\/wp-json\/wp\/v2\/types\/product"}],"wp:featuredmedia":[{"embeddable":true,"href":"https:\/\/orizzontiverticali.to.it\/index.php\/wp-json\/wp\/v2\/media\/4527"}],"wp:attachment":[{"href":"https:\/\/orizzontiverticali.to.it\/index.php\/wp-json\/wp\/v2\/media?parent=4520"}],"wp:term":[{"taxonomy":"product_cat","embeddable":true,"href":"https:\/\/orizzontiverticali.to.it\/index.php\/wp-json\/wp\/v2\/product_cat?post=4520"},{"taxonomy":"product_tag","embeddable":true,"href":"https:\/\/orizzontiverticali.to.it\/index.php\/wp-json\/wp\/v2\/product_tag?post=4520"}],"curies":[{"name":"wp","href":"https:\/\/api.w.org\/{rel}","templated":true}]}}