{"id":4513,"date":"2023-06-12T15:57:44","date_gmt":"2023-06-12T15:57:44","guid":{"rendered":"https:\/\/orizzontiverticali.to.it\/?post_type=product&#038;p=4513"},"modified":"2023-06-12T15:57:44","modified_gmt":"2023-06-12T15:57:44","slug":"rab-quest-pull-on","status":"publish","type":"product","link":"https:\/\/orizzontiverticali.to.it\/index.php\/prodotto\/rab-quest-pull-on\/","title":{"rendered":"Rab Quest pull-On"},"content":{"rendered":"<p>Il Quest Pull-On \u00e8 un comodo pullover in pile, perfetto per le attivit\u00e0 sportive all&#8217;aria aperta. Realizzato con tessuto riciclato al 100%. Il Quest Pull-On ha una vestibilit\u00e0 rilassata, con comoda tasca zippata sul petto. Caldo e traspirante grazie al tessuto in pile Thermic.<\/p>\n","protected":false},"excerpt":{"rendered":"<p>Felpa Rab in pile Thermic, comoda e pratica per l&#8217;uso quotidiano o per le attivit\u00e0 all&#8217;aria aperta in montagna.<\/p>\n<p>&nbsp;<\/p>\n","protected":false},"featured_media":4514,"template":"","meta":{"inline_featured_image":false},"product_cat":[151,200,171,69,164,141,142,59,127],"product_tag":[550,551,549,548],"class_list":["post-4513","product","type-product","status-publish","has-post-thumbnail","hentry","product_cat-abbigliamento","product_cat-abbigliamento-uomo","product_cat-escursionismo","product_cat-outdoor","product_cat-pile-e-felpe","product_cat-travel-e-tempo-libero","product_cat-travel-e-tempo-libero-abbigliamento","product_cat-trekking","product_cat-trekking-abbigliamento","product_tag-felpa-escursionismo","product_tag-felpa-outdoor","product_tag-pullover-caldo","product_tag-pullover-leggero"],"_links":{"self":[{"href":"https:\/\/orizzontiverticali.to.it\/index.php\/wp-json\/wp\/v2\/product\/4513","targetHints":{"allow":["GET"]}}],"collection":[{"href":"https:\/\/orizzontiverticali.to.it\/index.php\/wp-json\/wp\/v2\/product"}],"about":[{"href":"https:\/\/orizzontiverticali.to.it\/index.php\/wp-json\/wp\/v2\/types\/product"}],"wp:featuredmedia":[{"embeddable":true,"href":"https:\/\/orizzontiverticali.to.it\/index.php\/wp-json\/wp\/v2\/media\/4514"}],"wp:attachment":[{"href":"https:\/\/orizzontiverticali.to.it\/index.php\/wp-json\/wp\/v2\/media?parent=4513"}],"wp:term":[{"taxonomy":"product_cat","embeddable":true,"href":"https:\/\/orizzontiverticali.to.it\/index.php\/wp-json\/wp\/v2\/product_cat?post=4513"},{"taxonomy":"product_tag","embeddable":true,"href":"https:\/\/orizzontiverticali.to.it\/index.php\/wp-json\/wp\/v2\/product_tag?post=4513"}],"curies":[{"name":"wp","href":"https:\/\/api.w.org\/{rel}","templated":true}]}}