{"id":4499,"date":"2023-06-10T15:05:38","date_gmt":"2023-06-10T15:05:38","guid":{"rendered":"https:\/\/orizzontiverticali.to.it\/?post_type=product&#038;p=4499"},"modified":"2023-06-10T15:05:38","modified_gmt":"2023-06-10T15:05:38","slug":"mammut-runbold-shorts-woman","status":"publish","type":"product","link":"https:\/\/orizzontiverticali.to.it\/index.php\/prodotto\/mammut-runbold-shorts-woman\/","title":{"rendered":"Mammut Runbold Shorts Woman"},"content":{"rendered":"<p>Da un&#8217;escursione rilassata a un impegnativo tour di pi\u00f9 giorni, con i pantaloncini Runbold ti sentirai bene su tutte le distanze nelle calde giornate estive. Il mix di materiali in poliammide e spandex rendono il pantalone molto robusto, piacevole e piacevole da indossare. La finitura in fibra miDori migliora l&#8217;assorbimento dell&#8217;umidit\u00e0 e assicura che i pantaloncini asciughino pi\u00f9 velocemente. la cintura pu\u00f2 essere regolata per una vestibilit\u00e0 migliore. Grazie ad un totale di cinque tasche, di cui tre con cerniere, il Runbold permette di tenere gli oggetti essenziali sempre a portata di mano. il Runbold \u00e8 comprimibile e facile da portare in uno zaino.<\/p>\n","protected":false},"excerpt":{"rendered":"<p>Versione corta del classico pantalone Runbold della linea Mammut. Comodo e perfetto per le giornate estive, ti accompagner\u00e0 nelle uscite di giornata o di p\u00f9 giorni.<\/p>\n","protected":false},"featured_media":4500,"template":"","meta":{"inline_featured_image":false},"product_cat":[151,199,76,171,69,166,141,142,59,127],"product_tag":[537,538,64],"class_list":["post-4499","product","type-product","status-publish","has-post-thumbnail","hentry","product_cat-abbigliamento","product_cat-abbigliamento-donna","product_cat-donna","product_cat-escursionismo","product_cat-outdoor","product_cat-pantaloni","product_cat-travel-e-tempo-libero","product_cat-travel-e-tempo-libero-abbigliamento","product_cat-trekking","product_cat-trekking-abbigliamento","product_tag-pantalone-corto-escursionismo","product_tag-pantalone-corto-estivo","product_tag-trekking"],"_links":{"self":[{"href":"https:\/\/orizzontiverticali.to.it\/index.php\/wp-json\/wp\/v2\/product\/4499","targetHints":{"allow":["GET"]}}],"collection":[{"href":"https:\/\/orizzontiverticali.to.it\/index.php\/wp-json\/wp\/v2\/product"}],"about":[{"href":"https:\/\/orizzontiverticali.to.it\/index.php\/wp-json\/wp\/v2\/types\/product"}],"wp:featuredmedia":[{"embeddable":true,"href":"https:\/\/orizzontiverticali.to.it\/index.php\/wp-json\/wp\/v2\/media\/4500"}],"wp:attachment":[{"href":"https:\/\/orizzontiverticali.to.it\/index.php\/wp-json\/wp\/v2\/media?parent=4499"}],"wp:term":[{"taxonomy":"product_cat","embeddable":true,"href":"https:\/\/orizzontiverticali.to.it\/index.php\/wp-json\/wp\/v2\/product_cat?post=4499"},{"taxonomy":"product_tag","embeddable":true,"href":"https:\/\/orizzontiverticali.to.it\/index.php\/wp-json\/wp\/v2\/product_tag?post=4499"}],"curies":[{"name":"wp","href":"https:\/\/api.w.org\/{rel}","templated":true}]}}