{"id":4497,"date":"2023-06-10T14:39:04","date_gmt":"2023-06-10T14:39:04","guid":{"rendered":"https:\/\/orizzontiverticali.to.it\/?post_type=product&#038;p=4497"},"modified":"2023-06-10T14:39:04","modified_gmt":"2023-06-10T14:39:04","slug":"mammut-runbold-light-2","status":"publish","type":"product","link":"https:\/\/orizzontiverticali.to.it\/index.php\/prodotto\/mammut-runbold-light-2\/","title":{"rendered":"Mammut Runbold Light"},"content":{"rendered":"<p>Il pantalone ultraleggero per le lunghe giornate estive, il Runbold Light \u00e8 realizzato per il comfort e la libert\u00e0 di movimento. Il morbido tessuto elasticizzato \u00e8 progettato per il massimo comfort a contatto con la pelle, rendendo questo pantalone ideale per una vasta gamma di attivit\u00e0, da una escursione in giornata ad un impegnativo tour di pi\u00f9 giorni. La finitura DWR (idrorepellenza a lunga durata) senza PFC e l\u2019orlo regolabile rendono questo pantalone un\u2019opzione versatile in condizioni climatiche variabili.<\/p>\n","protected":false},"excerpt":{"rendered":"<p>i pantaloni ultraleggeri e comprimibili della linea Mammut, pensati per le escursioni estive di uno o pi\u00f9 giorni.<\/p>\n","protected":false},"featured_media":4498,"template":"","meta":{"inline_featured_image":false},"product_cat":[151,199,171,69,166,141,142,59,127],"product_tag":[356,536,535,64],"class_list":["post-4497","product","type-product","status-publish","has-post-thumbnail","hentry","product_cat-abbigliamento","product_cat-abbigliamento-donna","product_cat-escursionismo","product_cat-outdoor","product_cat-pantaloni","product_cat-travel-e-tempo-libero","product_cat-travel-e-tempo-libero-abbigliamento","product_cat-trekking","product_cat-trekking-abbigliamento","product_tag-pantalone-escursionismo","product_tag-pantalone-estivo","product_tag-pantalone-ultraleggero","product_tag-trekking"],"_links":{"self":[{"href":"https:\/\/orizzontiverticali.to.it\/index.php\/wp-json\/wp\/v2\/product\/4497","targetHints":{"allow":["GET"]}}],"collection":[{"href":"https:\/\/orizzontiverticali.to.it\/index.php\/wp-json\/wp\/v2\/product"}],"about":[{"href":"https:\/\/orizzontiverticali.to.it\/index.php\/wp-json\/wp\/v2\/types\/product"}],"wp:featuredmedia":[{"embeddable":true,"href":"https:\/\/orizzontiverticali.to.it\/index.php\/wp-json\/wp\/v2\/media\/4498"}],"wp:attachment":[{"href":"https:\/\/orizzontiverticali.to.it\/index.php\/wp-json\/wp\/v2\/media?parent=4497"}],"wp:term":[{"taxonomy":"product_cat","embeddable":true,"href":"https:\/\/orizzontiverticali.to.it\/index.php\/wp-json\/wp\/v2\/product_cat?post=4497"},{"taxonomy":"product_tag","embeddable":true,"href":"https:\/\/orizzontiverticali.to.it\/index.php\/wp-json\/wp\/v2\/product_tag?post=4497"}],"curies":[{"name":"wp","href":"https:\/\/api.w.org\/{rel}","templated":true}]}}