{"id":4491,"date":"2023-06-10T11:21:16","date_gmt":"2023-06-10T11:21:16","guid":{"rendered":"https:\/\/orizzontiverticali.to.it\/?post_type=product&#038;p=4491"},"modified":"2023-06-10T11:21:56","modified_gmt":"2023-06-10T11:21:56","slug":"rock-experience-powell-woman","status":"publish","type":"product","link":"https:\/\/orizzontiverticali.to.it\/index.php\/prodotto\/rock-experience-powell-woman\/","title":{"rendered":"Rock Experience Powell Woman"},"content":{"rendered":"<p><strong>POWELL PANT<\/strong>\u00a0\u00e8 un pantalone comodo e dall\u2019ottima vestibilit\u00e0 grazie alla fabbricazione in tessuto\u00a0<strong>stretch<\/strong>, estensibile in quattro direzioni, che gli conferisce un\u2019elasticit\u00e0 senza eguali. Pu\u00f2 accompagnarti durante tutta la giornata in montagna garantendoti un\u2019ottima mobilit\u00e0 ed un grande comfort.<\/p>\n","protected":false},"excerpt":{"rendered":"<p><strong>POWELL PANT<\/strong>\u00a0\u00e8 un pantalone lungo da donna pensato per il trekking e per tutte le attivit\u00e0 outdoor. Realizzato interamente in nylon elasticizzato,\u00a0<strong>POWELL PANT<\/strong>\u00a0ha un\u2019ottima vestibilit\u00e0 ed \u00e8 comodo da indossare. \u00c8 il pantalone per chi cerca leggerezza, comfort e traspirabilit\u00e0 in ogni situazione.<\/p>\n","protected":false},"featured_media":4492,"template":"","meta":{"inline_featured_image":false},"product_cat":[151,199,56,97,76,166,141,142,59,127],"product_tag":[357,532,64],"class_list":["post-4491","product","type-product","status-publish","has-post-thumbnail","hentry","product_cat-abbigliamento","product_cat-abbigliamento-donna","product_cat-arrampicata","product_cat-arrampicata-abbigliamento","product_cat-donna","product_cat-pantaloni","product_cat-travel-e-tempo-libero","product_cat-travel-e-tempo-libero-abbigliamento","product_cat-trekking","product_cat-trekking-abbigliamento","product_tag-pantalone-arrampicata","product_tag-pantalone-elasticizzato","product_tag-trekking"],"_links":{"self":[{"href":"https:\/\/orizzontiverticali.to.it\/index.php\/wp-json\/wp\/v2\/product\/4491","targetHints":{"allow":["GET"]}}],"collection":[{"href":"https:\/\/orizzontiverticali.to.it\/index.php\/wp-json\/wp\/v2\/product"}],"about":[{"href":"https:\/\/orizzontiverticali.to.it\/index.php\/wp-json\/wp\/v2\/types\/product"}],"wp:featuredmedia":[{"embeddable":true,"href":"https:\/\/orizzontiverticali.to.it\/index.php\/wp-json\/wp\/v2\/media\/4492"}],"wp:attachment":[{"href":"https:\/\/orizzontiverticali.to.it\/index.php\/wp-json\/wp\/v2\/media?parent=4491"}],"wp:term":[{"taxonomy":"product_cat","embeddable":true,"href":"https:\/\/orizzontiverticali.to.it\/index.php\/wp-json\/wp\/v2\/product_cat?post=4491"},{"taxonomy":"product_tag","embeddable":true,"href":"https:\/\/orizzontiverticali.to.it\/index.php\/wp-json\/wp\/v2\/product_tag?post=4491"}],"curies":[{"name":"wp","href":"https:\/\/api.w.org\/{rel}","templated":true}]}}