{"id":4488,"date":"2023-06-10T11:00:56","date_gmt":"2023-06-10T11:00:56","guid":{"rendered":"https:\/\/orizzontiverticali.to.it\/?post_type=product&#038;p=4488"},"modified":"2023-06-10T11:17:53","modified_gmt":"2023-06-10T11:17:53","slug":"rock-experience-space-flake","status":"publish","type":"product","link":"https:\/\/orizzontiverticali.to.it\/index.php\/prodotto\/rock-experience-space-flake\/","title":{"rendered":"Rock Experience Space Flake Woman"},"content":{"rendered":"<p><strong>Space Flake woman Pant<\/strong>\u00a0\u00e8 un pantalone da donna per attivit\u00e0 in montagna come trekking, escursioni e arrampicate. Creato per essere comodo, leggero e pratico Space Flake Woman Pant presenta un taglio ergonomico e un tessuto altamente elastico che garantisce ampia libert\u00e0 di movimento in ogni situazione. Una volta indossato \u00e8 possibile regolazione della vestibilit\u00e0 grazie alla coulisse in vita, e all\u2019interno, \u00e8 stato aggiunto un maglia im rete che offre una maggiore traspirazione e un\u2019asciugatura rapida dopo le molte ore di cammino.<br \/>\nIl tessuto sul ginocchio presenta un sistema di rinforzo, ed stata aggiunta una tasca in pi\u00f9 sulla gamba destra. Le stampe logo riflettenti permetto una migliore localizzazione nelle ore notturne.<\/p>\n","protected":false},"excerpt":{"rendered":"<p>Pantalone Ergo Stretch che rende il tessuto protettivo ed estremamente elastico nelle 4 direzioni, comfort e libert\u00e0 di movimento sono assicurati in ogni momento della giornata.<\/p>\n","protected":false},"featured_media":4489,"template":"","meta":{"inline_featured_image":false},"product_cat":[151,199,166,127],"product_tag":[531,530,488],"class_list":["post-4488","product","type-product","status-publish","has-post-thumbnail","hentry","product_cat-abbigliamento","product_cat-abbigliamento-donna","product_cat-pantaloni","product_cat-trekking-abbigliamento","product_tag-pantaloni-elasticizzati","product_tag-pantaloni-escursionismo","product_tag-pantaloni-lunghi-leggeri"],"_links":{"self":[{"href":"https:\/\/orizzontiverticali.to.it\/index.php\/wp-json\/wp\/v2\/product\/4488","targetHints":{"allow":["GET"]}}],"collection":[{"href":"https:\/\/orizzontiverticali.to.it\/index.php\/wp-json\/wp\/v2\/product"}],"about":[{"href":"https:\/\/orizzontiverticali.to.it\/index.php\/wp-json\/wp\/v2\/types\/product"}],"wp:featuredmedia":[{"embeddable":true,"href":"https:\/\/orizzontiverticali.to.it\/index.php\/wp-json\/wp\/v2\/media\/4489"}],"wp:attachment":[{"href":"https:\/\/orizzontiverticali.to.it\/index.php\/wp-json\/wp\/v2\/media?parent=4488"}],"wp:term":[{"taxonomy":"product_cat","embeddable":true,"href":"https:\/\/orizzontiverticali.to.it\/index.php\/wp-json\/wp\/v2\/product_cat?post=4488"},{"taxonomy":"product_tag","embeddable":true,"href":"https:\/\/orizzontiverticali.to.it\/index.php\/wp-json\/wp\/v2\/product_tag?post=4488"}],"curies":[{"name":"wp","href":"https:\/\/api.w.org\/{rel}","templated":true}]}}