{"id":4482,"date":"2023-06-10T09:52:14","date_gmt":"2023-06-10T09:52:14","guid":{"rendered":"https:\/\/orizzontiverticali.to.it\/?post_type=product&#038;p=4482"},"modified":"2023-06-10T10:08:18","modified_gmt":"2023-06-10T10:08:18","slug":"rock-experience-manitoba-2-0","status":"publish","type":"product","link":"https:\/\/orizzontiverticali.to.it\/index.php\/prodotto\/rock-experience-manitoba-2-0\/","title":{"rendered":"Rock Experience Manitoba 2.0"},"content":{"rendered":"<p><strong>MANITOBA 2.0 HYBRID JKT<\/strong>\u00a0combina due materiali diversi con i loro rispettivi vantaggi. Il tessuto esterno in Micro ripstop della parte frontale imbottita \u00e8 particolarmente resistente alle abrasioni e agli strappi. Il padding \u00e8\u00a0<strong>Thermore Thermosoft<\/strong>, particolarmente caldo, soffice e confortevole. Eccellente traspirabilit\u00e0 ed elasticit\u00e0 \u00e8 assicurata invece dal\u00a0<strong>Power Fleece<\/strong>, un tessuto estensibile in quattro direzioni, presente su dorso, maniche e fianchi. Massima libert\u00e0 di movimento e comfort sono quindi assicurate in tutte le tue attivit\u00e0 outdoor.<\/p>\n","protected":false},"excerpt":{"rendered":"<p><strong>MANITOBA 2.0 HYBRID JKT<\/strong>\u00a0\u00e8 una giacca ibrida leggera e anti-vento ideale da essere indossata durante attivit\u00e0 outdoor molto dinamiche. Realizzata con imbottitura e tessuti differenti per assicurare una termoregolazione ottimale delle diverse parti corporee.\u00a0<strong>MANITOBA 2.0 HYBRID JKT<\/strong>\u00a0concede calore solo dove necessario e allo stesso tempo permette un\u2019ottima traspirazione.\u00a0 Morbida, calda e leggera,\u00a0<strong>MANITOBA 2.0 HYBRID JKT<\/strong>\u00a0\u00e8 il capo indispensabile per ogni trekking e per le uscite di alpinismo.<\/p>\n","protected":false},"featured_media":4486,"template":"","meta":{"inline_featured_image":false},"product_cat":[151,200,43,80,182,97,162,55,112,75],"product_tag":[500,466,528,529],"class_list":["post-4482","product","type-product","status-publish","has-post-thumbnail","hentry","product_cat-abbigliamento","product_cat-abbigliamento-uomo","product_cat-alpinismo","product_cat-alpinismo-abbigliamento","product_cat-alpinismo-abbigliamento-uomo","product_cat-arrampicata-abbigliamento","product_cat-giacche","product_cat-scialpinismo","product_cat-scialpinismo-abbigliamento","product_cat-uomo","product_tag-giacca-alpinismo","product_tag-giacca-arrampicata","product_tag-giacca-ibrida","product_tag-giacca-scialpinismo"],"_links":{"self":[{"href":"https:\/\/orizzontiverticali.to.it\/index.php\/wp-json\/wp\/v2\/product\/4482","targetHints":{"allow":["GET"]}}],"collection":[{"href":"https:\/\/orizzontiverticali.to.it\/index.php\/wp-json\/wp\/v2\/product"}],"about":[{"href":"https:\/\/orizzontiverticali.to.it\/index.php\/wp-json\/wp\/v2\/types\/product"}],"wp:featuredmedia":[{"embeddable":true,"href":"https:\/\/orizzontiverticali.to.it\/index.php\/wp-json\/wp\/v2\/media\/4486"}],"wp:attachment":[{"href":"https:\/\/orizzontiverticali.to.it\/index.php\/wp-json\/wp\/v2\/media?parent=4482"}],"wp:term":[{"taxonomy":"product_cat","embeddable":true,"href":"https:\/\/orizzontiverticali.to.it\/index.php\/wp-json\/wp\/v2\/product_cat?post=4482"},{"taxonomy":"product_tag","embeddable":true,"href":"https:\/\/orizzontiverticali.to.it\/index.php\/wp-json\/wp\/v2\/product_tag?post=4482"}],"curies":[{"name":"wp","href":"https:\/\/api.w.org\/{rel}","templated":true}]}}