{"id":4116,"date":"2023-05-20T16:20:27","date_gmt":"2023-05-20T16:20:27","guid":{"rendered":"https:\/\/orizzontiverticali.to.it\/?post_type=product&#038;p=4116"},"modified":"2023-07-28T15:43:10","modified_gmt":"2023-07-28T15:43:10","slug":"osprey-stratos-44","status":"publish","type":"product","link":"https:\/\/orizzontiverticali.to.it\/index.php\/prodotto\/osprey-stratos-44\/","title":{"rendered":"Osprey Stratos 44"},"content":{"rendered":"<p>VENTILAZIONE AIRSPEED<br \/>\nIl sistema di sospensione stampato a iniezione con rete tridimensionale tensionata garantisce un sostegno traspirante.<\/p>\n<p>VESTIBILIT\u00c0 COMPLETA<br \/>\nTelaio dalla forma pi\u00f9 alta e pi\u00f9 larga combinato a un sistema di regolazione su misura per estendere il range di vestibilit\u00e0.<\/p>\n<p>COPERTURA ANTIPIOGGIA INCLUSA<br \/>\nRealizzato con materiali sostenibili certificati Bluesign.<\/p>\n","protected":false},"excerpt":{"rendered":"<p>VENTILAZIONE AIRSPEED Il sistema di sospensione stampato a iniezione con rete tridimensionale tensionata garantisce un sostegno traspirante. VESTIBILIT\u00c0 COMPLETA Telaio dalla forma pi\u00f9 alta e pi\u00f9 larga combinato a un sistema di regolazione su misura per estendere il range di vestibilit\u00e0. COPERTURA ANTIPIOGGIA INCLUSA Realizzato con materiali sostenibili certificati Bluesign.<\/p>\n","protected":false},"featured_media":4558,"template":"","meta":{"inline_featured_image":false},"product_cat":[128,175,195],"product_tag":[407,148,456],"class_list":["post-4116","product","type-product","status-publish","has-post-thumbnail","hentry","product_cat-trekking-zaini","product_cat-zaini","product_cat-zaini-uomo","product_tag-hiking","product_tag-zaini","product_tag-zaino-trekking"],"_links":{"self":[{"href":"https:\/\/orizzontiverticali.to.it\/index.php\/wp-json\/wp\/v2\/product\/4116","targetHints":{"allow":["GET"]}}],"collection":[{"href":"https:\/\/orizzontiverticali.to.it\/index.php\/wp-json\/wp\/v2\/product"}],"about":[{"href":"https:\/\/orizzontiverticali.to.it\/index.php\/wp-json\/wp\/v2\/types\/product"}],"wp:featuredmedia":[{"embeddable":true,"href":"https:\/\/orizzontiverticali.to.it\/index.php\/wp-json\/wp\/v2\/media\/4558"}],"wp:attachment":[{"href":"https:\/\/orizzontiverticali.to.it\/index.php\/wp-json\/wp\/v2\/media?parent=4116"}],"wp:term":[{"taxonomy":"product_cat","embeddable":true,"href":"https:\/\/orizzontiverticali.to.it\/index.php\/wp-json\/wp\/v2\/product_cat?post=4116"},{"taxonomy":"product_tag","embeddable":true,"href":"https:\/\/orizzontiverticali.to.it\/index.php\/wp-json\/wp\/v2\/product_tag?post=4116"}],"curies":[{"name":"wp","href":"https:\/\/api.w.org\/{rel}","templated":true}]}}