{"id":4111,"date":"2023-05-20T15:52:35","date_gmt":"2023-05-20T15:52:35","guid":{"rendered":"https:\/\/orizzontiverticali.to.it\/?post_type=product&#038;p=4111"},"modified":"2023-05-20T15:56:25","modified_gmt":"2023-05-20T15:56:25","slug":"camp-g-wool","status":"publish","type":"product","link":"https:\/\/orizzontiverticali.to.it\/index.php\/prodotto\/camp-g-wool\/","title":{"rendered":"Camp G Wool"},"content":{"rendered":"<ul>\n<li>Guanto in tessuto a maglia misto sintetico-lana<\/li>\n<li>Palmo e dita in morbida e resistente pelle di capra<\/li>\n<li>Polso con lacciolo<\/li>\n<li>\u00a0Fibbie per unire i guanti tra loro<\/li>\n<\/ul>\n","protected":false},"excerpt":{"rendered":"<p>Un guanto per chi ama coniugare classico e performance, questo \u00e8 il G Wool. Grazie ai materiali scelti, questo modello riesce a garantire sia un buon isolamento termico mediante il tessuto misto sintetico-lana, sia un\u2019eccellente presa e durata per merito della pelle di capra su palmo e dita. Se la tecnicit\u00e0 \u00e8 da montagna, il look fine e discreto \u00e8 perfetto per il tempo libero, confermando la totale polivalenza di un guanto pronto a stare sempre con voi.<\/p>\n<p>&nbsp;<\/p>\n","protected":false},"featured_media":4112,"template":"","meta":{"inline_featured_image":false},"product_cat":[151,43,80,168],"product_tag":[435,454],"class_list":["post-4111","product","type-product","status-publish","has-post-thumbnail","hentry","product_cat-abbigliamento","product_cat-alpinismo","product_cat-alpinismo-abbigliamento","product_cat-guanti","product_tag-guanti-alpinismo","product_tag-guanti-lana"],"_links":{"self":[{"href":"https:\/\/orizzontiverticali.to.it\/index.php\/wp-json\/wp\/v2\/product\/4111","targetHints":{"allow":["GET"]}}],"collection":[{"href":"https:\/\/orizzontiverticali.to.it\/index.php\/wp-json\/wp\/v2\/product"}],"about":[{"href":"https:\/\/orizzontiverticali.to.it\/index.php\/wp-json\/wp\/v2\/types\/product"}],"wp:featuredmedia":[{"embeddable":true,"href":"https:\/\/orizzontiverticali.to.it\/index.php\/wp-json\/wp\/v2\/media\/4112"}],"wp:attachment":[{"href":"https:\/\/orizzontiverticali.to.it\/index.php\/wp-json\/wp\/v2\/media?parent=4111"}],"wp:term":[{"taxonomy":"product_cat","embeddable":true,"href":"https:\/\/orizzontiverticali.to.it\/index.php\/wp-json\/wp\/v2\/product_cat?post=4111"},{"taxonomy":"product_tag","embeddable":true,"href":"https:\/\/orizzontiverticali.to.it\/index.php\/wp-json\/wp\/v2\/product_tag?post=4111"}],"curies":[{"name":"wp","href":"https:\/\/api.w.org\/{rel}","templated":true}]}}