{"id":4109,"date":"2023-05-20T15:46:10","date_gmt":"2023-05-20T15:46:10","guid":{"rendered":"https:\/\/orizzontiverticali.to.it\/?post_type=product&#038;p=4109"},"modified":"2023-06-14T08:51:51","modified_gmt":"2023-06-14T08:51:51","slug":"camp-tempest-mitt-evo","status":"publish","type":"product","link":"https:\/\/orizzontiverticali.to.it\/index.php\/prodotto\/camp-tempest-mitt-evo\/","title":{"rendered":"Camp Tempest Mitt Evo"},"content":{"rendered":"<p>\u2022 Moffola imbottita che permette di scoprire le dita (compreso il pollice) per compiere operazioni di precisione<br \/>\n\u2022 Piccoli magneti per fissare al dorso della moffola le coperture delle dita quando aperte<br \/>\n\u2022 Palmo rinforzato con tessuto che garantisce grip e durata<br \/>\n\u2022 Esterno in tessuto leggero, resistente agli agenti atmosferici<br \/>\n\u2022 Morbida fodera interna che aumenta la sensazione di calore<br \/>\n\u2022\u00a0Imbottitura in PrimaLoft\u00ae Gold 200 g\/m<sup>2<\/sup>\u00a0sul dorso, PrimaLoft\u00ae Gold 100 g\/m<sup>2<\/sup>\u00a0sul palmo e PrimaLoft\u00ae Gold 160 g\/m<sup>2<\/sup>\u00a0sul pollice<br \/>\n\u2022 Sistema Open-Close che migliora l\u2019isolamento termico e permette di chiudere e aprire il polso con estrema facilit\u00e0 in ogni condizione,\u00a0anche coi guanti indossati<br \/>\n\u2022 Inserto tergi sudore in tessuto assorbente sul pollice<br \/>\n\u2022 Polso con lacciolo<br \/>\n\u2022 Fibbie per unire le moffole tra loro<br \/>\n\u2022 Sacchetto-custodia incluso<\/p>\n","protected":false},"excerpt":{"rendered":"<p>La Tempest Mitt Evo \u00e8 una moffola imbottita dotata di flap che consentono di scoprire le dita (compreso il pollice) per compiere operazioni di precisione. Il sistema \u00e8 pratico e veloce, con dei piccoli magneti che permettono di fissare le coperture, quando aperte, al dorso della moffola. Il leggero tessuto esterno, altamente resistente agli agenti atmosferici, \u00e8 combinato con un&#8217;imbottitura differenziata, ottimizzata per ciascuna zona della mano. Il sistema Open-Close migliora l\u2019isolamento termico e permette di chiudere e aprire il polso con estrema facilit\u00e0 in ogni condizione. Il palmo \u00e8 rinforzato per garantire grip e durata e l&#8217;interno \u00e8 caratterizzato da una morbida fodera che aumenta la sensazione di calore.<\/p>\n","protected":false},"featured_media":4110,"template":"","meta":{"inline_featured_image":false},"product_cat":[151,43,80,168],"product_tag":[435,451,452,453],"class_list":["post-4109","product","type-product","status-publish","has-post-thumbnail","hentry","product_cat-abbigliamento","product_cat-alpinismo","product_cat-alpinismo-abbigliamento","product_cat-guanti","product_tag-guanti-alpinismo","product_tag-guanti-invernali","product_tag-guanti-moffola","product_tag-moffola"],"_links":{"self":[{"href":"https:\/\/orizzontiverticali.to.it\/index.php\/wp-json\/wp\/v2\/product\/4109","targetHints":{"allow":["GET"]}}],"collection":[{"href":"https:\/\/orizzontiverticali.to.it\/index.php\/wp-json\/wp\/v2\/product"}],"about":[{"href":"https:\/\/orizzontiverticali.to.it\/index.php\/wp-json\/wp\/v2\/types\/product"}],"wp:featuredmedia":[{"embeddable":true,"href":"https:\/\/orizzontiverticali.to.it\/index.php\/wp-json\/wp\/v2\/media\/4110"}],"wp:attachment":[{"href":"https:\/\/orizzontiverticali.to.it\/index.php\/wp-json\/wp\/v2\/media?parent=4109"}],"wp:term":[{"taxonomy":"product_cat","embeddable":true,"href":"https:\/\/orizzontiverticali.to.it\/index.php\/wp-json\/wp\/v2\/product_cat?post=4109"},{"taxonomy":"product_tag","embeddable":true,"href":"https:\/\/orizzontiverticali.to.it\/index.php\/wp-json\/wp\/v2\/product_tag?post=4109"}],"curies":[{"name":"wp","href":"https:\/\/api.w.org\/{rel}","templated":true}]}}