{"id":4107,"date":"2023-05-20T15:41:58","date_gmt":"2023-05-20T15:41:58","guid":{"rendered":"https:\/\/orizzontiverticali.to.it\/?post_type=product&#038;p=4107"},"modified":"2023-05-20T15:45:58","modified_gmt":"2023-05-20T15:45:58","slug":"camp-g-air","status":"publish","type":"product","link":"https:\/\/orizzontiverticali.to.it\/index.php\/prodotto\/camp-g-air\/","title":{"rendered":"Camp G Air"},"content":{"rendered":"<ul>\n<li>Guanto leggero e versatile, ideale per numerose attivit\u00e0<\/li>\n<li>Dorso antivento con imbottitura in PrimaLoft\u00ae Gold 60 g\/m<sup>2<\/sup><\/li>\n<li>Palmo super traspirante<\/li>\n<li>Stampe Grip\u2019R in silicone sul palmo e sulle dita per un grip eccezionale<\/li>\n<li>Costruzione aderente che garantisce la massima sensibilit\u00e0<\/li>\n<li>Pollice e indice touch screen<\/li>\n<li>Polso con lacciolo<\/li>\n<li>Tiretto sul dito per appendere il guanto quando non in uso<\/li>\n<li>Fibbie per unire i guanti tra loro<\/li>\n<\/ul>\n","protected":false},"excerpt":{"rendered":"<p>Un campione di polivalenza, un guanto leggero ideale quando il freddo non \u00e8 eccessivo. Il comfort della mano, in queste situazioni, \u00e8 garantito dal dorso antivento, dall\u2019imbottitura in PrimaLoft\u00ae Gold e dal palmo traspirante. Il G Air si distingue per la sua costruzione aderente, che assicura un\u2019eccezionale sensibilit\u00e0 e la possibilit\u00e0 di svolgere operazioni di precisione senza toglierlo. Le stampe Grip\u2019R in silicone sul palmo e sulle dita garantiscono una presa saldissima su bastoncini e piccozze, rendendo il prodotto ideale tanto per le escursioni in quota quanto per le cascate di ghiaccio, dove conviene usarlo mentre si scala per sostituirlo con un guanto pi\u00f9 caldo quando si \u00e8 fermi in sosta. Per gli scialpinisti, invece, il G Air \u00e8 una valida opzione in salita, tenendo presente che salvo atleti molto calorosi o condizioni non troppo fredde, \u00e8 sempre necessario avere con s\u00e9 un paio di guanti pi\u00f9 protettivi per la discesa.<\/p>\n","protected":false},"featured_media":4108,"template":"","meta":{"inline_featured_image":false},"product_cat":[151,43,80,168],"product_tag":[450,449],"class_list":["post-4107","product","type-product","status-publish","has-post-thumbnail","hentry","product_cat-abbigliamento","product_cat-alpinismo","product_cat-alpinismo-abbigliamento","product_cat-guanti","product_tag-guanti-alpinismo-leggeri","product_tag-guanti-wind-stopper"],"_links":{"self":[{"href":"https:\/\/orizzontiverticali.to.it\/index.php\/wp-json\/wp\/v2\/product\/4107","targetHints":{"allow":["GET"]}}],"collection":[{"href":"https:\/\/orizzontiverticali.to.it\/index.php\/wp-json\/wp\/v2\/product"}],"about":[{"href":"https:\/\/orizzontiverticali.to.it\/index.php\/wp-json\/wp\/v2\/types\/product"}],"wp:featuredmedia":[{"embeddable":true,"href":"https:\/\/orizzontiverticali.to.it\/index.php\/wp-json\/wp\/v2\/media\/4108"}],"wp:attachment":[{"href":"https:\/\/orizzontiverticali.to.it\/index.php\/wp-json\/wp\/v2\/media?parent=4107"}],"wp:term":[{"taxonomy":"product_cat","embeddable":true,"href":"https:\/\/orizzontiverticali.to.it\/index.php\/wp-json\/wp\/v2\/product_cat?post=4107"},{"taxonomy":"product_tag","embeddable":true,"href":"https:\/\/orizzontiverticali.to.it\/index.php\/wp-json\/wp\/v2\/product_tag?post=4107"}],"curies":[{"name":"wp","href":"https:\/\/api.w.org\/{rel}","templated":true}]}}