{"id":4105,"date":"2023-05-20T15:29:48","date_gmt":"2023-05-20T15:29:48","guid":{"rendered":"https:\/\/orizzontiverticali.to.it\/?post_type=product&#038;p=4105"},"modified":"2023-05-20T15:41:09","modified_gmt":"2023-05-20T15:41:09","slug":"camp-geko-ice-evo","status":"publish","type":"product","link":"https:\/\/orizzontiverticali.to.it\/index.php\/prodotto\/camp-geko-ice-evo\/","title":{"rendered":"Camp Geko Ice Evo"},"content":{"rendered":"<ul>\n<li>La nostra proposta per chi cerca la massima protezione<\/li>\n<li>Membrana DRYZONE\u00ae impermeabile e traspirante<\/li>\n<li>Imbottitura in PrimaLoft\u00ae Gold 100 g\/m<sup>2\u00a0<\/sup>sul dorso e in PrimaLoft\u00ae Gold Eco Grip Control 100 g\/m<sup>2\u00a0<\/sup>sul palmo<\/li>\n<li>Esterno (palmo, dita e parte anteriore del dorso) in morbida e resistente pelle di capra, idrorepellente e traspirante<\/li>\n<li>Dita preformate per un\u2019eccellente presa su bastoncini e piccozze<\/li>\n<li>Pollice e indice touch screen<\/li>\n<li>Polso molto allungato adatto a coprire la giacca, con lacciolo e tiretto per infilare il guanto<\/li>\n<li>Cinturino con velcro nella parte anteriore del polso per incrementare l\u2019isolamento<\/li>\n<li>Sistema Open-Close che migliora ulteriormente l\u2019isolamento termico e permette di chiudere e aprire il polso con estrema facilit\u00e0 in ogni condizione, anche coi guanti indossati<\/li>\n<li>Tiretto sul dito per appendere il guanto quando non in uso<\/li>\n<li>Fibbie per unire i guanti tra loro<\/li>\n<\/ul>\n","protected":false},"excerpt":{"rendered":"<p>Il Geko Ice Evo \u00e8 il guanto da alpinismo che garantisce una straordinaria protezione in tutte le situazioni. Il polso molto allungato, che copre anche la parte inferiore dell\u2019avambraccio, \u00e8 studiato per indossare il guanto sopra la giacca, ottenendo un isolamento termico superiore. Un cinturino con velcro permette di stringere il guanto all&#8217;altezza del polso mentre il sistema Open-Close consente di chiuderlo ulteriormente, sempre con grande facilit\u00e0. La termicit\u00e0 \u00e8 garantita dall\u2019imbottitura differenziata in PrimaLoft\u00ae Gold 100 g\/m<sup>2<\/sup>\u00a0sul dorso e PrimaLoft\u00ae Gold Grip Control 100 g\/m<sup>2<\/sup>\u00a0sul palmo, quest\u2019ultima particolarmente indicata per l\u2019ottima presa sugli attrezzi. La membrana DRYZONE\u00ae assicura l\u2019impermeabilit\u00e0, mentre la pelle di capra esterna robustezza e durata. Il Geko Ice Pro, tra i nostri guanti pi\u00f9 caldi, si presenta quindi come prodotto ideale per le lunghe scalate tecniche in quota, dalle pi\u00f9 fredde pareti nord alle ascensioni invernali.<\/p>\n","protected":false},"featured_media":4106,"template":"","meta":{"inline_featured_image":false},"product_cat":[151,43,76,168,112,75],"product_tag":[435],"class_list":["post-4105","product","type-product","status-publish","has-post-thumbnail","hentry","product_cat-abbigliamento","product_cat-alpinismo","product_cat-donna","product_cat-guanti","product_cat-scialpinismo-abbigliamento","product_cat-uomo","product_tag-guanti-alpinismo"],"_links":{"self":[{"href":"https:\/\/orizzontiverticali.to.it\/index.php\/wp-json\/wp\/v2\/product\/4105","targetHints":{"allow":["GET"]}}],"collection":[{"href":"https:\/\/orizzontiverticali.to.it\/index.php\/wp-json\/wp\/v2\/product"}],"about":[{"href":"https:\/\/orizzontiverticali.to.it\/index.php\/wp-json\/wp\/v2\/types\/product"}],"wp:featuredmedia":[{"embeddable":true,"href":"https:\/\/orizzontiverticali.to.it\/index.php\/wp-json\/wp\/v2\/media\/4106"}],"wp:attachment":[{"href":"https:\/\/orizzontiverticali.to.it\/index.php\/wp-json\/wp\/v2\/media?parent=4105"}],"wp:term":[{"taxonomy":"product_cat","embeddable":true,"href":"https:\/\/orizzontiverticali.to.it\/index.php\/wp-json\/wp\/v2\/product_cat?post=4105"},{"taxonomy":"product_tag","embeddable":true,"href":"https:\/\/orizzontiverticali.to.it\/index.php\/wp-json\/wp\/v2\/product_tag?post=4105"}],"curies":[{"name":"wp","href":"https:\/\/api.w.org\/{rel}","templated":true}]}}