{"id":4095,"date":"2023-05-19T08:46:23","date_gmt":"2023-05-19T08:46:23","guid":{"rendered":"https:\/\/orizzontiverticali.to.it\/?post_type=product&#038;p=4095"},"modified":"2023-06-17T10:09:11","modified_gmt":"2023-06-17T10:09:11","slug":"osprey-quasar-26","status":"publish","type":"product","link":"https:\/\/orizzontiverticali.to.it\/index.php\/prodotto\/osprey-quasar-26\/","title":{"rendered":"Osprey Quasar 26"},"content":{"rendered":"<p>Durevole, affidabile e attrezzato per affrontare le sfide quotidiane, lo snello e agile Quasar \u00e8 lo zaino che porterai con te giorno dopo giorno. Ha spazio sufficiente per contenere il necessario per la giornata e caratteristiche intelligenti per semplificarti la routine. Lo schienale traspirante e l&#8217;imbracatura soffice ti permettono di trasportarlo con facilit\u00e0 ovunque tu vada: al lavoro, a scuola, al mercato contadino o al tuo bar preferito. La tasca per portatile da 13 pollici protegge il tuo dispositivo elettronico e quella portaoggetti sul pannello frontale ti permette di organizzare piccoli oggetti di prima necessit\u00e0 e averli a portata di mano. L&#8217;elastico esterno regolabile, inoltre, \u00e8 perfetto per riporre in sicurezza tutto ci\u00f2 che vuoi raggiungere al volo. La cinghia sternale regolabile e la compressione superiore ti permettono di stabilizzare il carico, mentre con le tasche laterali per le bottiglie sar\u00e0 pi\u00f9 facile idratarti mentre ti sposti. Sapientemente realizzato con tessuti riciclati certificati bluesign\u00ae per offrirti uno zaino che duri senza avere un impatto a lungo termine sull&#8217;ambiente.<\/p>\n","protected":false},"excerpt":{"rendered":"<p>Zaino unisex per l&#8217;uso quotidiano da 26 L con tasca per il portatile, tasche portaoggetti interne e cordini elastici esterni<\/p>\n","protected":false},"featured_media":4564,"template":"","meta":{"inline_featured_image":false},"product_cat":[76,141,144,75,175,196,195],"product_tag":[148,446,447],"class_list":["post-4095","product","type-product","status-publish","has-post-thumbnail","hentry","product_cat-donna","product_cat-travel-e-tempo-libero","product_cat-travel-e-tempo-libero-zaini","product_cat-uomo","product_cat-zaini","product_cat-zaini-donna","product_cat-zaini-uomo","product_tag-zaini","product_tag-zaini-citta","product_tag-zaini-viaggio"],"_links":{"self":[{"href":"https:\/\/orizzontiverticali.to.it\/index.php\/wp-json\/wp\/v2\/product\/4095","targetHints":{"allow":["GET"]}}],"collection":[{"href":"https:\/\/orizzontiverticali.to.it\/index.php\/wp-json\/wp\/v2\/product"}],"about":[{"href":"https:\/\/orizzontiverticali.to.it\/index.php\/wp-json\/wp\/v2\/types\/product"}],"wp:featuredmedia":[{"embeddable":true,"href":"https:\/\/orizzontiverticali.to.it\/index.php\/wp-json\/wp\/v2\/media\/4564"}],"wp:attachment":[{"href":"https:\/\/orizzontiverticali.to.it\/index.php\/wp-json\/wp\/v2\/media?parent=4095"}],"wp:term":[{"taxonomy":"product_cat","embeddable":true,"href":"https:\/\/orizzontiverticali.to.it\/index.php\/wp-json\/wp\/v2\/product_cat?post=4095"},{"taxonomy":"product_tag","embeddable":true,"href":"https:\/\/orizzontiverticali.to.it\/index.php\/wp-json\/wp\/v2\/product_tag?post=4095"}],"curies":[{"name":"wp","href":"https:\/\/api.w.org\/{rel}","templated":true}]}}