{"id":4081,"date":"2023-05-18T10:52:43","date_gmt":"2023-05-18T10:52:43","guid":{"rendered":"https:\/\/orizzontiverticali.to.it\/?post_type=product&#038;p=4081"},"modified":"2023-05-18T10:57:30","modified_gmt":"2023-05-18T10:57:30","slug":"uyn-run-fit-shirt-uomo","status":"publish","type":"product","link":"https:\/\/orizzontiverticali.to.it\/index.php\/prodotto\/uyn-run-fit-shirt-uomo\/","title":{"rendered":"Uyn Run Fit Shirt uomo"},"content":{"rendered":"<p>La maglia a maniche lunghe UYN RUN FIT \u00e8 pi\u00f9 di uno strato: \u00e8 uno strato e mezzo! Grazie alla sua speciale struttura, puoi indossarla da sola e avere il giusto livello di calore nelle stagioni di transizione. Il sistema COOLVENT sotto le ascelle e le zone a traspirazione aumentata sulla schiena permettono all&#8217;umidit\u00e0 di uscire e favoriscono il giusto clima corporeo. E&#8217; una maglia con un Comfort Fit, ma ottimizzata per seguire la forma del tuo corpo. E tutto questo con una sola cucitura, per evitare di limitare l&#8217;elasticit\u00e0 del tessuto e creare sfregamenti sulla pelle. Ci\u00f2 grazie alla\u00a0 tecnologia Uyn tridimensionale HALOFLEX che rende il capo perfettamente aderente e gli conferisce uno stile unico.<br \/>\nCostruita con lo speciale filato NATEX, UYN mette la natura al servizio del tuo benessere. NATEX \u00e8 particolarmente leggero e riduce il peso del capo del 25%. I capi realizzati in NATEX si asciugano fino al 50% pi\u00f9 velocemente rispetto a indumenti in nylon dello stesso genere. La fibra organica naturale al 100% \u00e8 pi\u00f9 elastica e l\u2019effetto batteriostatico minimizza gli odori.<\/p>\n","protected":false},"excerpt":{"rendered":"<p>Maglia running maniche lunghe<\/p>\n","protected":false},"featured_media":4082,"template":"","meta":{"inline_featured_image":false},"product_cat":[151,200,46,137,75],"product_tag":[441,438,439,60,333],"class_list":["post-4081","product","type-product","status-publish","has-post-thumbnail","hentry","product_cat-abbigliamento","product_cat-abbigliamento-uomo","product_cat-running","product_cat-running-abbigliamento","product_cat-uomo","product_tag-maglia-corsa","product_tag-maglia-running","product_tag-maglia-trailrunning","product_tag-running","product_tag-trail-running"],"_links":{"self":[{"href":"https:\/\/orizzontiverticali.to.it\/index.php\/wp-json\/wp\/v2\/product\/4081","targetHints":{"allow":["GET"]}}],"collection":[{"href":"https:\/\/orizzontiverticali.to.it\/index.php\/wp-json\/wp\/v2\/product"}],"about":[{"href":"https:\/\/orizzontiverticali.to.it\/index.php\/wp-json\/wp\/v2\/types\/product"}],"wp:featuredmedia":[{"embeddable":true,"href":"https:\/\/orizzontiverticali.to.it\/index.php\/wp-json\/wp\/v2\/media\/4082"}],"wp:attachment":[{"href":"https:\/\/orizzontiverticali.to.it\/index.php\/wp-json\/wp\/v2\/media?parent=4081"}],"wp:term":[{"taxonomy":"product_cat","embeddable":true,"href":"https:\/\/orizzontiverticali.to.it\/index.php\/wp-json\/wp\/v2\/product_cat?post=4081"},{"taxonomy":"product_tag","embeddable":true,"href":"https:\/\/orizzontiverticali.to.it\/index.php\/wp-json\/wp\/v2\/product_tag?post=4081"}],"curies":[{"name":"wp","href":"https:\/\/api.w.org\/{rel}","templated":true}]}}