{"id":4076,"date":"2023-05-18T10:45:33","date_gmt":"2023-05-18T10:45:33","guid":{"rendered":"https:\/\/orizzontiverticali.to.it\/?post_type=product&#038;p=4076"},"modified":"2023-05-18T10:48:56","modified_gmt":"2023-05-18T10:48:56","slug":"uyn-exceleration-pantalone-uomo","status":"publish","type":"product","link":"https:\/\/orizzontiverticali.to.it\/index.php\/prodotto\/uyn-exceleration-pantalone-uomo\/","title":{"rendered":"Uyn Exceleration pantalone uomo"},"content":{"rendered":"<p>UYN EXCELERATION 2IN1 \u00e8 il capo ibrido dal design sofisticato che unisce il comfort della calzamaglia da corsa alla praticit\u00e0 e al look dei classici pantaloncini. Ideale per chi ama correre con il proprio stile anche nelle giornate pi\u00f9 fredde. La calzamaglia, aderente e senza cuciture lungo le gambe, \u00e8 realizzata in un morbido tessuto elastico con strutture tridimensionali in corrispondenza delle articolazioni che garantiscono una naturale libert\u00e0 di movimento. Nella zona delle cosce e dei polpacci abbiamo introdotto la tecnologia HEATMEMORY che mantiene i muscoli caldi ed efficienti in ogni momento.<\/p>\n","protected":false},"excerpt":{"rendered":"<p>Pantalone running invernale<\/p>\n","protected":false},"featured_media":4078,"template":"","meta":{"inline_featured_image":false},"product_cat":[151,200,166,46,137,75],"product_tag":[442,443,60,333],"class_list":["post-4076","product","type-product","status-publish","has-post-thumbnail","hentry","product_cat-abbigliamento","product_cat-abbigliamento-uomo","product_cat-pantaloni","product_cat-running","product_cat-running-abbigliamento","product_cat-uomo","product_tag-pantalone-running","product_tag-pantalone-trail-running","product_tag-running","product_tag-trail-running"],"_links":{"self":[{"href":"https:\/\/orizzontiverticali.to.it\/index.php\/wp-json\/wp\/v2\/product\/4076","targetHints":{"allow":["GET"]}}],"collection":[{"href":"https:\/\/orizzontiverticali.to.it\/index.php\/wp-json\/wp\/v2\/product"}],"about":[{"href":"https:\/\/orizzontiverticali.to.it\/index.php\/wp-json\/wp\/v2\/types\/product"}],"wp:featuredmedia":[{"embeddable":true,"href":"https:\/\/orizzontiverticali.to.it\/index.php\/wp-json\/wp\/v2\/media\/4078"}],"wp:attachment":[{"href":"https:\/\/orizzontiverticali.to.it\/index.php\/wp-json\/wp\/v2\/media?parent=4076"}],"wp:term":[{"taxonomy":"product_cat","embeddable":true,"href":"https:\/\/orizzontiverticali.to.it\/index.php\/wp-json\/wp\/v2\/product_cat?post=4076"},{"taxonomy":"product_tag","embeddable":true,"href":"https:\/\/orizzontiverticali.to.it\/index.php\/wp-json\/wp\/v2\/product_tag?post=4076"}],"curies":[{"name":"wp","href":"https:\/\/api.w.org\/{rel}","templated":true}]}}