{"id":4073,"date":"2023-05-18T10:38:20","date_gmt":"2023-05-18T10:38:20","guid":{"rendered":"https:\/\/orizzontiverticali.to.it\/?post_type=product&#038;p=4073"},"modified":"2023-05-18T10:44:19","modified_gmt":"2023-05-18T10:44:19","slug":"uyn-exceleration-zip-uomo","status":"publish","type":"product","link":"https:\/\/orizzontiverticali.to.it\/index.php\/prodotto\/uyn-exceleration-zip-uomo\/","title":{"rendered":"Uyn Exceleration Zip uomo"},"content":{"rendered":"<p>La maglia EXCELERATION \u00e8 stata creata studiando le esigenze dei corridori durante il periodo di transizione tra l&#8217;autunno e l&#8217;inverno, quando le temperature diventano troppo fredde per una maglia estiva. La sua struttura \u00e8 complessa e ottimizzata in ogni millimetro di tessuto. La superficie interna brushed assicura una sensazione di comfort superiore. Nella zona del petto e della schiena abbiamo introdotto la nuova tecnologia TERRY AIRCELL che trasporta il sudore verso l&#8217;esterno creando uno strato isolante. In questo modo il corpo viene aiutato a mantenere la sua temperatura ideale durante la corsa. Le FLEXY RIBS nella zona delle spalle aumentano la capacit\u00e0 del tessuto di adattarsi ai movimenti delle braccia e fungono da distanziatori: quando si indossa una giacca, creano uno spazio tra i due tessuti permettendo la circolazione dell&#8217;aria. La maglia EXCELERATION ha una vestibilit\u00e0 regolare, modellata intorno al corpo senza alcun impedimento ai movimenti. La versione con mezza zip \u00e8 pensata per essere indossata in combinazione con l&#8217;intimo tecnico o con una giacca da corsa quando il tempo \u00e8 incerto.<\/p>\n","protected":false},"excerpt":{"rendered":"<p>Maglia running invernale<\/p>\n","protected":false},"featured_media":4074,"template":"","meta":{"inline_featured_image":false},"product_cat":[151,200,46,137,75],"product_tag":[441,438,440,439],"class_list":["post-4073","product","type-product","status-publish","has-post-thumbnail","hentry","product_cat-abbigliamento","product_cat-abbigliamento-uomo","product_cat-running","product_cat-running-abbigliamento","product_cat-uomo","product_tag-maglia-corsa","product_tag-maglia-running","product_tag-maglia-trail","product_tag-maglia-trailrunning"],"_links":{"self":[{"href":"https:\/\/orizzontiverticali.to.it\/index.php\/wp-json\/wp\/v2\/product\/4073","targetHints":{"allow":["GET"]}}],"collection":[{"href":"https:\/\/orizzontiverticali.to.it\/index.php\/wp-json\/wp\/v2\/product"}],"about":[{"href":"https:\/\/orizzontiverticali.to.it\/index.php\/wp-json\/wp\/v2\/types\/product"}],"wp:featuredmedia":[{"embeddable":true,"href":"https:\/\/orizzontiverticali.to.it\/index.php\/wp-json\/wp\/v2\/media\/4074"}],"wp:attachment":[{"href":"https:\/\/orizzontiverticali.to.it\/index.php\/wp-json\/wp\/v2\/media?parent=4073"}],"wp:term":[{"taxonomy":"product_cat","embeddable":true,"href":"https:\/\/orizzontiverticali.to.it\/index.php\/wp-json\/wp\/v2\/product_cat?post=4073"},{"taxonomy":"product_tag","embeddable":true,"href":"https:\/\/orizzontiverticali.to.it\/index.php\/wp-json\/wp\/v2\/product_tag?post=4073"}],"curies":[{"name":"wp","href":"https:\/\/api.w.org\/{rel}","templated":true}]}}