{"id":4055,"date":"2023-05-16T16:08:50","date_gmt":"2023-05-16T16:08:50","guid":{"rendered":"https:\/\/orizzontiverticali.to.it\/?post_type=product&#038;p=4055"},"modified":"2023-05-16T16:14:11","modified_gmt":"2023-05-16T16:14:11","slug":"camp-geko-guide","status":"publish","type":"product","link":"https:\/\/orizzontiverticali.to.it\/index.php\/prodotto\/camp-geko-guide\/","title":{"rendered":"Camp Geko Guide"},"content":{"rendered":"<p>Il guanto da alpinismo tecnico, mix perfetto di sensibilit\u00e0 e protezione. Il Geko Guide esemplifica al pi\u00f9 alto livello l&#8217;esperienza nella realizzazione di guanti da \u201cavventura in montagna\u201d, offrendo a professionisti e appassionati un prodotto che soddisfa tutte le loro esigenze. Estremamente robusto grazie all\u2019esterno in pelle di capra, il Geko Guide garantisce una presa salda e una precisione straordinaria sugli attrezzi, una resa termica calibrata per l\u2019azione \u2013 \u00e8 quindi mediamente caldo \u2013 e un\u2019alta protezione in caso di impatti e sfregamenti. In altre parole: se il Geko Ice Pro \u00e8 il non plus ultra per le cascate di ghiaccio e il misto, il Geko Guide \u00e8 il nuovo riferimento per le ascensioni in quota, dalle classiche alle linee pi\u00f9 estreme.<br \/>\n<span style=\"font-size: 1rem;\">Membrana DRYZONE\u00ae impermeabile e traspirante<br \/>\n<\/span><span style=\"font-size: 1rem;\">Dorso con imbottitura in PrimaLoft\u00ae Gold 100 g\/m<\/span><sup>2<br \/>\n<\/sup><span style=\"font-size: 1rem;\">Esterno (palmo, dita e parte anteriore del dorso) in morbida e resistente pelle di capra, idrorepellente e traspirante<br \/>\n<\/span><span style=\"font-size: 1rem;\">Dita preformate per un\u2019eccellente presa su bastoncini e piccozze, con inserti che migliorano il grip<\/span><\/p>\n<p>&nbsp;<\/p>\n","protected":false},"excerpt":{"rendered":"<p>Il guanto da alpinismo tecnico, mix perfetto di sensibilit\u00e0 e protezione<\/p>\n","protected":false},"featured_media":4056,"template":"","meta":{"inline_featured_image":false},"product_cat":[151,43,80,168],"product_tag":[160,435,437,436],"class_list":["post-4055","product","type-product","status-publish","has-post-thumbnail","hentry","product_cat-abbigliamento","product_cat-alpinismo","product_cat-alpinismo-abbigliamento","product_cat-guanti","product_tag-guanti","product_tag-guanti-alpinismo","product_tag-guanti-caldi","product_tag-guanti-cascate-ghiaccio"],"_links":{"self":[{"href":"https:\/\/orizzontiverticali.to.it\/index.php\/wp-json\/wp\/v2\/product\/4055","targetHints":{"allow":["GET"]}}],"collection":[{"href":"https:\/\/orizzontiverticali.to.it\/index.php\/wp-json\/wp\/v2\/product"}],"about":[{"href":"https:\/\/orizzontiverticali.to.it\/index.php\/wp-json\/wp\/v2\/types\/product"}],"wp:featuredmedia":[{"embeddable":true,"href":"https:\/\/orizzontiverticali.to.it\/index.php\/wp-json\/wp\/v2\/media\/4056"}],"wp:attachment":[{"href":"https:\/\/orizzontiverticali.to.it\/index.php\/wp-json\/wp\/v2\/media?parent=4055"}],"wp:term":[{"taxonomy":"product_cat","embeddable":true,"href":"https:\/\/orizzontiverticali.to.it\/index.php\/wp-json\/wp\/v2\/product_cat?post=4055"},{"taxonomy":"product_tag","embeddable":true,"href":"https:\/\/orizzontiverticali.to.it\/index.php\/wp-json\/wp\/v2\/product_tag?post=4055"}],"curies":[{"name":"wp","href":"https:\/\/api.w.org\/{rel}","templated":true}]}}