{"id":3970,"date":"2023-05-12T11:49:10","date_gmt":"2023-05-12T11:49:10","guid":{"rendered":"https:\/\/orizzontiverticali.to.it\/?post_type=product&#038;p=3970"},"modified":"2023-05-12T11:55:02","modified_gmt":"2023-05-12T11:55:02","slug":"scarpa-boreas-gtx","status":"publish","type":"product","link":"https:\/\/orizzontiverticali.to.it\/index.php\/prodotto\/scarpa-boreas-gtx\/","title":{"rendered":"Scarpa Boreas GTX"},"content":{"rendered":"<div class=\"row d-block d-sm-block d-md-block d-lg-flex align-items-stretch\">\n<div class=\"col-12 col-sm-12 co-md-12 col-lg-6\">\n<div class=\"feature_wrapper\">\n<div class=\"feature_title\" data-lang=\"attribute_tomaia\">TOMAIA<\/div>\n<p>Realizzata in pelle scamosciata idrorepellente con puntale e tallone di protezione in film senza cuciture.<\/p><\/div>\n<\/div>\n<div class=\"col-12 col-sm-12 co-md-12 col-lg-6\">\n<div class=\"feature_wrapper\">\n<div class=\"feature_title\" data-lang=\"attribute_fodera\">FODERA<\/div>\n<p>Mesh elastico in un unico pezzo, avvolge il piede senza costringerlo. Offrendo cos\u00ec un fitting perfetto e una maggiore flessibilit\u00e0. Inoltre membrana GORE-TEX Extended Comfort per massima impermeabilit\u00e0.<\/p><\/div>\n<\/div>\n<\/div>\n<div class=\"row d-block d-sm-block d-md-block d-lg-flex align-items-stretch\">\n<div class=\"col-12 col-sm-12 co-md-12 col-lg-6\">\n<div class=\"feature_wrapper\">\n<div class=\"feature_title\" data-lang=\"attribute_suola\">SUOLA<\/div>\n<p>Energy con battistrada in gomma Vibram\u00ae. Intersuola in PU iniettata direttamente sulla tomaia per massimo comfort e inserto in TPU per massima stabilt\u00e0.<\/p><\/div>\n<\/div>\n<\/div>\n","protected":false},"excerpt":{"rendered":"<p>Nuovo look contemporaneo per questo scarponcino da escursionismo su sterrati con carichi leggeri, camminate su sentieri e boschi, passeggiate giornaliere. per escursionisti che prediligono il comfort di calzata immediato, senza rinunciare alla qualit\u00e0 del prodotto.<\/p>\n","protected":false},"featured_media":3971,"template":"","meta":{"inline_featured_image":false},"product_cat":[176,203,126,198,59,75],"product_tag":[407,394,64],"class_list":["post-3970","product","type-product","status-publish","has-post-thumbnail","hentry","product_cat-calzature","product_cat-calzature-escursionismo","product_cat-calzature-trekking","product_cat-calzature-uomo","product_cat-trekking","product_cat-uomo","product_tag-hiking","product_tag-scarpone-escursionismo","product_tag-trekking"],"_links":{"self":[{"href":"https:\/\/orizzontiverticali.to.it\/index.php\/wp-json\/wp\/v2\/product\/3970","targetHints":{"allow":["GET"]}}],"collection":[{"href":"https:\/\/orizzontiverticali.to.it\/index.php\/wp-json\/wp\/v2\/product"}],"about":[{"href":"https:\/\/orizzontiverticali.to.it\/index.php\/wp-json\/wp\/v2\/types\/product"}],"wp:featuredmedia":[{"embeddable":true,"href":"https:\/\/orizzontiverticali.to.it\/index.php\/wp-json\/wp\/v2\/media\/3971"}],"wp:attachment":[{"href":"https:\/\/orizzontiverticali.to.it\/index.php\/wp-json\/wp\/v2\/media?parent=3970"}],"wp:term":[{"taxonomy":"product_cat","embeddable":true,"href":"https:\/\/orizzontiverticali.to.it\/index.php\/wp-json\/wp\/v2\/product_cat?post=3970"},{"taxonomy":"product_tag","embeddable":true,"href":"https:\/\/orizzontiverticali.to.it\/index.php\/wp-json\/wp\/v2\/product_tag?post=3970"}],"curies":[{"name":"wp","href":"https:\/\/api.w.org\/{rel}","templated":true}]}}