{"id":3962,"date":"2023-05-12T11:33:51","date_gmt":"2023-05-12T11:33:51","guid":{"rendered":"https:\/\/orizzontiverticali.to.it\/?post_type=product&#038;p=3962"},"modified":"2023-05-18T15:51:33","modified_gmt":"2023-05-18T15:51:33","slug":"scarpa-rush-polar-gtx","status":"publish","type":"product","link":"https:\/\/orizzontiverticali.to.it\/index.php\/prodotto\/scarpa-rush-polar-gtx\/","title":{"rendered":"Scarpa Rush Polar GTX"},"content":{"rendered":"<div class=\"row d-block d-sm-block d-md-block d-lg-flex align-items-stretch\">\n<div class=\"col-12 col-sm-12 co-md-12 col-lg-6\">\n<div class=\"feature_wrapper\">\n<div class=\"feature_title\" data-lang=\"attribute_tomaia\">TOMAIA<\/div>\n<p>La tomaia \u00e8 in pelle scamosciata Perwanger\u00ae di spessore 1,7-1,9 mm con caratteristiche di impermeabilit\u00e0, traspirabilit\u00e0, e durabilit\u00e0. Grazie ad un collarino 3D Autofit in tessuto imbottito la zona della caviglia \u00e8 ben protetta mentre il piede \u00e8 stabilizzato senza punti di pressione.<\/p><\/div>\n<\/div>\n<div class=\"col-12 col-sm-12 co-md-12 col-lg-6\">\n<div class=\"feature_wrapper\">\n<div class=\"feature_title\" data-lang=\"attribute_lacing\">ALLACCIATURA<\/div>\n<p>\u201cSpeed Lacing\u201d di nuova concezione con minuteria bi-componente in acciaio leggero e plastica. L\u2019allacciatura avanzata in punta \u00e8 differenziata in due parti. La parte inferiore con passalacci permette un veloce scorrimento del laccio e la regolazione dei volumi di calzata in un unico movimento. La parte superiore ha un blocca laccio che divide le zone di tensione dell\u2019allacciatura e ganci per un avvolgimento omogeneo e progressivo della caviglia, per ottenere una calzata confortevole e senza costrizioni.<\/p><\/div>\n<\/div>\n<\/div>\n<div class=\"row d-block d-sm-block d-md-block d-lg-flex align-items-stretch\">\n<div class=\"col-12 col-sm-12 co-md-12 col-lg-6\">\n<div class=\"feature_wrapper\">\n<div class=\"feature_title\" data-lang=\"attribute_fodera\">FODERA<\/div>\n<p>GORE-TEX\u00ae Duratherm con il suo strato altamente isolante protegge i piedi in maniera ottimale. PRIMALOFT\u00ae Gold Insulation ECO (100% Recycled), offre un\u2019imbottitura sintetica e idrorepellenza anche nelle condizioni climatiche pi\u00f9 piovose. Questa combinazione garantisce, oltre alla massima protezione contro il freddo, anche traspirabilit\u00e0, comprimibilit\u00e0 ed eccezionale morbidezza.<\/p><\/div>\n<div>\n<div class=\"feature_title\" data-lang=\"attribute_suola\">SUOLA<\/div>\n<p>PRESA\u00ae TRK-02 \u00e8 realizzata in mescola SUPERGUM W, altamente performante in condizioni invernali, assicura grip su terreni ghiacciati e neve. Il tallone pronunciato e i tappi favoriscono la frenata in discesa e la tenuta in salita. Inoltre la tecnologia IKS (Interactive Kinetic System), caratterizzata da 7 aree (cupole) ammortizzanti supportano in maniera progressiva e specifica il peso del corpo durante l\u2019attivit\u00e0 in montagna.<\/p><\/div>\n<\/div>\n<\/div>\n","protected":false},"excerpt":{"rendered":"<p>RUSH POLAR GTX \u00e8 il prodotto della famiglia Rush pensato appositamente per il periodo invernale, ideale per trekking sulla neve e ciaspolate. Questo scarpone a tre ganci, grazie alla combinazione di Gore-Tex\u00ae Duratherm e PrimaLoft\u00ae Gold Insulation Eco che assicurano massima protezione contro il freddo, pu\u00f2 essere utilizzato anche per escursioni artiche. Testato in laboratorio, garantisce protezione fino alla temperatura estrema di -20\u00b0C.<\/p>\n","protected":false},"featured_media":3963,"template":"","meta":{"inline_featured_image":false},"product_cat":[176,197,203,126,198,76,174,171,59,75],"product_tag":[404],"class_list":["post-3962","product","type-product","status-publish","has-post-thumbnail","hentry","product_cat-calzature","product_cat-calzature-donna","product_cat-calzature-escursionismo","product_cat-calzature-trekking","product_cat-calzature-uomo","product_cat-donna","product_cat-donna-calzature","product_cat-escursionismo","product_cat-trekking","product_cat-uomo","product_tag-scarpone-escursionismo-invernale"],"_links":{"self":[{"href":"https:\/\/orizzontiverticali.to.it\/index.php\/wp-json\/wp\/v2\/product\/3962","targetHints":{"allow":["GET"]}}],"collection":[{"href":"https:\/\/orizzontiverticali.to.it\/index.php\/wp-json\/wp\/v2\/product"}],"about":[{"href":"https:\/\/orizzontiverticali.to.it\/index.php\/wp-json\/wp\/v2\/types\/product"}],"wp:featuredmedia":[{"embeddable":true,"href":"https:\/\/orizzontiverticali.to.it\/index.php\/wp-json\/wp\/v2\/media\/3963"}],"wp:attachment":[{"href":"https:\/\/orizzontiverticali.to.it\/index.php\/wp-json\/wp\/v2\/media?parent=3962"}],"wp:term":[{"taxonomy":"product_cat","embeddable":true,"href":"https:\/\/orizzontiverticali.to.it\/index.php\/wp-json\/wp\/v2\/product_cat?post=3962"},{"taxonomy":"product_tag","embeddable":true,"href":"https:\/\/orizzontiverticali.to.it\/index.php\/wp-json\/wp\/v2\/product_tag?post=3962"}],"curies":[{"name":"wp","href":"https:\/\/api.w.org\/{rel}","templated":true}]}}