{"id":3908,"date":"2023-05-11T16:41:33","date_gmt":"2023-05-11T16:41:33","guid":{"rendered":"https:\/\/orizzontiverticali.to.it\/?post_type=product&#038;p=3908"},"modified":"2023-05-26T10:39:32","modified_gmt":"2023-05-26T10:39:32","slug":"scarpa-mescalito-trk-gtx","status":"publish","type":"product","link":"https:\/\/orizzontiverticali.to.it\/index.php\/prodotto\/scarpa-mescalito-trk-gtx\/","title":{"rendered":"Scarpa Mescalito TRK GTX"},"content":{"rendered":"<div class=\"row d-block d-sm-block d-md-block d-lg-flex align-items-stretch\">\n<div class=\"col-12 col-sm-12 co-md-12 col-lg-6\">\n<div class=\"feature_wrapper\">\n<div class=\"feature_title\" data-lang=\"attribute_tomaia\">TOMAIA<\/div>\n<p>La tomaia \u00e8 in pelle scamosciata Perwanger\u00ae di spessore 1,7-1,9 mm con caratteristiche di impermeabilit\u00e0, traspirabilit\u00e0, e durabilit\u00e0. Grazie ad un collarino 3D Autofit in tessuto imbottito la zona della caviglia \u00e8 ben protetta mentre il piede \u00e8 stabilizzato senza punti di pressione. La lingua a soffietto \u00e8 collegata alla tomaia su entrambi i lati, rimanendo ben centrata impedisce ai detriti di entrare nella scarpa. Il tessuto Schoeller mantiene il clima del piede ideale indipendentemente dalle variazioni della temperatura esterna.<\/p>\n<\/div>\n<\/div>\n<div class=\"col-12 col-sm-12 co-md-12 col-lg-6\">\n<div class=\"feature_wrapper\">\n<div class=\"feature_title\" data-lang=\"attribute_lacing\">ALLACCIATURA<\/div>\n<p>Composto da un sistema in metallo che redistribuisce uniformemente la pressione e permette di regolare agilmente la chiusura della tomaia, senza comprimere.<\/p>\n<\/div>\n<\/div>\n<\/div>\n<div class=\"row d-block d-sm-block d-md-block d-lg-flex align-items-stretch\">\n<div class=\"col-12 col-sm-12 co-md-12 col-lg-6\">\n<div class=\"feature_wrapper\">\n<div class=\"feature_title\" data-lang=\"attribute_fodera\">FODERA<\/div>\n<p>Membrana Gore-Tex BlueSign Approved senza trattamento DWR, Durable Waterproof repellent, e PFCec Free.<\/p>\n<\/div>\n<\/div>\n<div class=\"col-12 col-sm-12 co-md-12 col-lg-6\">\n<div class=\"feature_wrapper\">\n<div class=\"feature_title\" data-lang=\"attribute_suola\">SUOLA<\/div>\n<p>La nuova suola DYNAMIS TRK con intersuola in PU Bi-Density \u00e8 in grado di garantire durata, comfort e stabilit\u00e0. La costruzione \u00e8 realizzata con materiali in grado di assorbire gli impatti con il terreno, riducendo lo stress degli arti inferiori.<\/p>\n<\/div>\n<\/div>\n<\/div>\n<div class=\"row d-block d-sm-block d-md-block d-lg-flex align-items-stretch\">\n<div class=\"col-12 col-sm-12 co-md-12 col-lg-6\">\n<div class=\"feature_wrapper\">\n<div class=\"feature_title\" data-lang=\"attribute_battistrada\">BATTISTRADA<\/div>\n<p>Il battistrada in mescola XS TREK EVO di VIBRAM\u24c7 garantisce un ottimo bilanciamento tra grip e durabilit\u00e0 oltre che reattivit\u00e0 su terreni imprevedibili.<\/p>\n<\/div>\n<\/div>\n<\/div>\n","protected":false},"excerpt":{"rendered":"<p>Progettata per lunghe escursioni e condizioni impegnative, MESCALITO TRK GTX garantisce aderenza, supporto e durata sotto il carico di uno z-a-i-n-o pesante. Uno scarpone estremamente confortevole che d\u00e0 ai tuoi piedi la possibilit\u00e0 di affrontare anche i sentieri pi\u00f9 lunghi.<\/p>\n","protected":false},"featured_media":3912,"template":"","meta":{"inline_featured_image":false},"product_cat":[176,203,126,198,171,69,59,75],"product_tag":[384,385,386],"class_list":["post-3908","product","type-product","status-publish","has-post-thumbnail","hentry","product_cat-calzature","product_cat-calzature-escursionismo","product_cat-calzature-trekking","product_cat-calzature-uomo","product_cat-escursionismo","product_cat-outdoor","product_cat-trekking","product_cat-uomo","product_tag-scarpa-escursionismo-tecnico","product_tag-scarpa-trekking","product_tag-trail-tecnici"],"_links":{"self":[{"href":"https:\/\/orizzontiverticali.to.it\/index.php\/wp-json\/wp\/v2\/product\/3908","targetHints":{"allow":["GET"]}}],"collection":[{"href":"https:\/\/orizzontiverticali.to.it\/index.php\/wp-json\/wp\/v2\/product"}],"about":[{"href":"https:\/\/orizzontiverticali.to.it\/index.php\/wp-json\/wp\/v2\/types\/product"}],"wp:featuredmedia":[{"embeddable":true,"href":"https:\/\/orizzontiverticali.to.it\/index.php\/wp-json\/wp\/v2\/media\/3912"}],"wp:attachment":[{"href":"https:\/\/orizzontiverticali.to.it\/index.php\/wp-json\/wp\/v2\/media?parent=3908"}],"wp:term":[{"taxonomy":"product_cat","embeddable":true,"href":"https:\/\/orizzontiverticali.to.it\/index.php\/wp-json\/wp\/v2\/product_cat?post=3908"},{"taxonomy":"product_tag","embeddable":true,"href":"https:\/\/orizzontiverticali.to.it\/index.php\/wp-json\/wp\/v2\/product_tag?post=3908"}],"curies":[{"name":"wp","href":"https:\/\/api.w.org\/{rel}","templated":true}]}}