{"id":3843,"date":"2023-05-11T11:07:54","date_gmt":"2023-05-11T11:07:54","guid":{"rendered":"https:\/\/orizzontiverticali.to.it\/?post_type=product&#038;p=3843"},"modified":"2023-05-11T11:18:06","modified_gmt":"2023-05-11T11:18:06","slug":"rock-experience-fire-smanicato","status":"publish","type":"product","link":"https:\/\/orizzontiverticali.to.it\/index.php\/prodotto\/rock-experience-fire-smanicato\/","title":{"rendered":"Rock Experience Fire Smanicato"},"content":{"rendered":"<p><strong>FIRE VEST<\/strong>, pur garantendo un\u2019ottima traspirabilit\u00e0 grazie a dei piccoli fori presenti sulla schiena e sui lati, offre un\u2019ottima protezione dal vento grazie alla\u00a0<strong>Wind Break Technology.\u00a0<\/strong>Dal taglio ergonomico,\u00a0<strong>FIRE VEST<\/strong> aderisce perfettamente al corpo grazie al fondo busto con bordino elasticizzato. Il collo alto avvolge e offre maggiore protezione dal vento. Presenta una comoda tasca anteriore. Inserti catarifrangenti assicurano maggiore visibilit\u00e0 e sicurezza durante le uscite notturne.<\/p>\n<ul>\n<li>\u00a0Zip frontale integrale<\/li>\n<li>Tasca anteriore con zip<\/li>\n<li>Custodia integrata per ripiegare la giacca all\u2019interno<\/li>\n<li>Fondo busto con bordino elasticizzato<\/li>\n<\/ul>\n","protected":false},"excerpt":{"rendered":"<p><strong>FIRE VEST<\/strong>\u00a0\u00e8 uno smanicato antivento pratico e leggero appositamente pensato per il trail running e per le attivit\u00e0 aerobiche pi\u00f9 intense. \u00c8 facilmente comprimibile e occupa pochissimo spazio grazie alla custodia integrata nella giacca. Con\u00a0<strong>FIRE VEST\u00a0<\/strong>rimarrai sempre asciutto e protetto dal vento grazie alla parte posteriore traforata, che lascia fuoriuscire il sudore, e la parte anteriore antivento.<\/p>\n","protected":false},"featured_media":3844,"template":"","meta":{"inline_featured_image":false},"product_cat":[151,200,172,46,137,75],"product_tag":[359,60,333],"class_list":["post-3843","product","type-product","status-publish","has-post-thumbnail","hentry","product_cat-abbigliamento","product_cat-abbigliamento-uomo","product_cat-calzature-trail-running","product_cat-running","product_cat-running-abbigliamento","product_cat-uomo","product_tag-gilet-corsa","product_tag-running","product_tag-trail-running"],"_links":{"self":[{"href":"https:\/\/orizzontiverticali.to.it\/index.php\/wp-json\/wp\/v2\/product\/3843","targetHints":{"allow":["GET"]}}],"collection":[{"href":"https:\/\/orizzontiverticali.to.it\/index.php\/wp-json\/wp\/v2\/product"}],"about":[{"href":"https:\/\/orizzontiverticali.to.it\/index.php\/wp-json\/wp\/v2\/types\/product"}],"wp:featuredmedia":[{"embeddable":true,"href":"https:\/\/orizzontiverticali.to.it\/index.php\/wp-json\/wp\/v2\/media\/3844"}],"wp:attachment":[{"href":"https:\/\/orizzontiverticali.to.it\/index.php\/wp-json\/wp\/v2\/media?parent=3843"}],"wp:term":[{"taxonomy":"product_cat","embeddable":true,"href":"https:\/\/orizzontiverticali.to.it\/index.php\/wp-json\/wp\/v2\/product_cat?post=3843"},{"taxonomy":"product_tag","embeddable":true,"href":"https:\/\/orizzontiverticali.to.it\/index.php\/wp-json\/wp\/v2\/product_tag?post=3843"}],"curies":[{"name":"wp","href":"https:\/\/api.w.org\/{rel}","templated":true}]}}