{"id":3840,"date":"2023-05-11T11:00:36","date_gmt":"2023-05-11T11:00:36","guid":{"rendered":"https:\/\/orizzontiverticali.to.it\/?post_type=product&#038;p=3840"},"modified":"2023-05-11T11:07:42","modified_gmt":"2023-05-11T11:07:42","slug":"rock-experience-kenta-up","status":"publish","type":"product","link":"https:\/\/orizzontiverticali.to.it\/index.php\/prodotto\/rock-experience-kenta-up\/","title":{"rendered":"rock Experience Kenta Up"},"content":{"rendered":"<p>\u2022 Logo e inserti riflettenti per una maggiore visibilit\u00e0 durante gli allenamenti serali<br \/>\n\u2022 Tasca sul retro per riporre gel o barrette energetiche<br \/>\n\u2022 Sotto pantalone in mesh traspirante<\/p>\n","protected":false},"excerpt":{"rendered":"<p>si compone di uno short e di un sotto pantalone aderente e ultra traspirante. Particolarmente confortevole, il tessuto elastico 4Ways Stretch con cui \u00e8 realizzato si adatta al corpo e assicura la massima mobilit\u00e0 degli arti inferiori senza ostacolare alcun movimento. Il girovita \u00e8 avvolgente e regolabile tramite un cordino interno. Dotato di una tasca posta sul retro del girovita in cui riporre gel o barrette energetiche, presenta loghi e inserti riflettenti che garantiscono una maggiore visibilit\u00e0 durante gli allenamenti serali.<\/p>\n","protected":false},"featured_media":3841,"template":"","meta":{"inline_featured_image":false},"product_cat":[151,200,172,69,166,46,137,75],"product_tag":[358,60],"class_list":["post-3840","product","type-product","status-publish","has-post-thumbnail","hentry","product_cat-abbigliamento","product_cat-abbigliamento-uomo","product_cat-calzature-trail-running","product_cat-outdoor","product_cat-pantaloni","product_cat-running","product_cat-running-abbigliamento","product_cat-uomo","product_tag-pantaloncino-trail-running","product_tag-running"],"_links":{"self":[{"href":"https:\/\/orizzontiverticali.to.it\/index.php\/wp-json\/wp\/v2\/product\/3840","targetHints":{"allow":["GET"]}}],"collection":[{"href":"https:\/\/orizzontiverticali.to.it\/index.php\/wp-json\/wp\/v2\/product"}],"about":[{"href":"https:\/\/orizzontiverticali.to.it\/index.php\/wp-json\/wp\/v2\/types\/product"}],"wp:featuredmedia":[{"embeddable":true,"href":"https:\/\/orizzontiverticali.to.it\/index.php\/wp-json\/wp\/v2\/media\/3841"}],"wp:attachment":[{"href":"https:\/\/orizzontiverticali.to.it\/index.php\/wp-json\/wp\/v2\/media?parent=3840"}],"wp:term":[{"taxonomy":"product_cat","embeddable":true,"href":"https:\/\/orizzontiverticali.to.it\/index.php\/wp-json\/wp\/v2\/product_cat?post=3840"},{"taxonomy":"product_tag","embeddable":true,"href":"https:\/\/orizzontiverticali.to.it\/index.php\/wp-json\/wp\/v2\/product_tag?post=3840"}],"curies":[{"name":"wp","href":"https:\/\/api.w.org\/{rel}","templated":true}]}}