{"id":3836,"date":"2023-05-11T10:51:38","date_gmt":"2023-05-11T10:51:38","guid":{"rendered":"https:\/\/orizzontiverticali.to.it\/?post_type=product&#038;p=3836"},"modified":"2023-05-12T14:56:15","modified_gmt":"2023-05-12T14:56:15","slug":"rock-experience-powell","status":"publish","type":"product","link":"https:\/\/orizzontiverticali.to.it\/index.php\/prodotto\/rock-experience-powell\/","title":{"rendered":"Rock Experience Powell"},"content":{"rendered":"<p><strong>POWELL PANT<\/strong>\u00a0\u00e8 un pantalone comodo e dall\u2019ottima vestibilit\u00e0 grazie alla fabbricazione in tessuto\u00a0<strong>stretch<\/strong>, estensibile in quattro direzioni, che gli conferisce un\u2019elasticit\u00e0 senza eguali. Pu\u00f2 accompagnarti durante tutta la giornata in montagna garantendoti un\u2019ottima mobilit\u00e0 ed un grande comfort.<\/p>\n<p>\u2022 Due tasche frontali con zip<br \/>\n\u2022 Una tasca posteriore con zip<br \/>\n\u2022 Vita del pantalone alta ed ergonomica<br \/>\n\u2022 Girovita elastico regolabile con stopper<br \/>\n\u2022 Regolazione fondo gamba con elastico<\/p>\n","protected":false},"excerpt":{"rendered":"<p><strong>POWELL PANT<\/strong>\u00a0\u00e8 un pantalone lungo da uomo pensato per il trekking e per tutte le attivit\u00e0 outdoor. Realizzato interamente in nylon elasticizzato,\u00a0<strong>POWELL PANT<\/strong>\u00a0ha un\u2019ottima vestibilit\u00e0 ed \u00e8 comodo da indossare. \u00c8 il pantalone per chi cerca leggerezza, comfort e traspirabilit\u00e0.<\/p>\n","protected":false},"featured_media":3837,"template":"","meta":{"inline_featured_image":false},"product_cat":[151,200,56,97,171,69,166,141,142,59,127,75],"product_tag":[357,356],"class_list":["post-3836","product","type-product","status-publish","has-post-thumbnail","hentry","product_cat-abbigliamento","product_cat-abbigliamento-uomo","product_cat-arrampicata","product_cat-arrampicata-abbigliamento","product_cat-escursionismo","product_cat-outdoor","product_cat-pantaloni","product_cat-travel-e-tempo-libero","product_cat-travel-e-tempo-libero-abbigliamento","product_cat-trekking","product_cat-trekking-abbigliamento","product_cat-uomo","product_tag-pantalone-arrampicata","product_tag-pantalone-escursionismo"],"_links":{"self":[{"href":"https:\/\/orizzontiverticali.to.it\/index.php\/wp-json\/wp\/v2\/product\/3836","targetHints":{"allow":["GET"]}}],"collection":[{"href":"https:\/\/orizzontiverticali.to.it\/index.php\/wp-json\/wp\/v2\/product"}],"about":[{"href":"https:\/\/orizzontiverticali.to.it\/index.php\/wp-json\/wp\/v2\/types\/product"}],"wp:featuredmedia":[{"embeddable":true,"href":"https:\/\/orizzontiverticali.to.it\/index.php\/wp-json\/wp\/v2\/media\/3837"}],"wp:attachment":[{"href":"https:\/\/orizzontiverticali.to.it\/index.php\/wp-json\/wp\/v2\/media?parent=3836"}],"wp:term":[{"taxonomy":"product_cat","embeddable":true,"href":"https:\/\/orizzontiverticali.to.it\/index.php\/wp-json\/wp\/v2\/product_cat?post=3836"},{"taxonomy":"product_tag","embeddable":true,"href":"https:\/\/orizzontiverticali.to.it\/index.php\/wp-json\/wp\/v2\/product_tag?post=3836"}],"curies":[{"name":"wp","href":"https:\/\/api.w.org\/{rel}","templated":true}]}}