{"id":3833,"date":"2023-05-11T10:40:22","date_gmt":"2023-05-11T10:40:22","guid":{"rendered":"https:\/\/orizzontiverticali.to.it\/?post_type=product&#038;p=3833"},"modified":"2023-05-11T10:46:14","modified_gmt":"2023-05-11T10:46:14","slug":"rock-experience-strategy","status":"publish","type":"product","link":"https:\/\/orizzontiverticali.to.it\/index.php\/prodotto\/rock-experience-strategy\/","title":{"rendered":"Rock Experience Strategy"},"content":{"rendered":"<ul>\n<li>Regolazione in vita con flap e bottoni<\/li>\n<li>Rete Quickdry per la fodera della cintura<\/li>\n<li>Tasca in vita<\/li>\n<\/ul>\n","protected":false},"excerpt":{"rendered":"<p><strong>Strategy Pant<\/strong>\u00a0\u00e8 un pantalone da escursionismo, caratterizzato da un tessuto elastico 4 way stretch e resistente. Ha una vestibilit\u00e0 molto comoda ed \u00e8 traspirante. La parte esterna ha un trattamento DWR per aumentare la protezione da agenti esterni come acqua e neve. In vita presenta una chiusura con cerniera e doppio bottone, e due flap con velcro per una regolazione ottimale. Due tasche davanti.<\/p>\n","protected":false},"featured_media":3834,"template":"","meta":{"inline_featured_image":false},"product_cat":[151,200,171,69,166,59,127,75],"product_tag":[356,64],"class_list":["post-3833","product","type-product","status-publish","has-post-thumbnail","hentry","product_cat-abbigliamento","product_cat-abbigliamento-uomo","product_cat-escursionismo","product_cat-outdoor","product_cat-pantaloni","product_cat-trekking","product_cat-trekking-abbigliamento","product_cat-uomo","product_tag-pantalone-escursionismo","product_tag-trekking"],"_links":{"self":[{"href":"https:\/\/orizzontiverticali.to.it\/index.php\/wp-json\/wp\/v2\/product\/3833","targetHints":{"allow":["GET"]}}],"collection":[{"href":"https:\/\/orizzontiverticali.to.it\/index.php\/wp-json\/wp\/v2\/product"}],"about":[{"href":"https:\/\/orizzontiverticali.to.it\/index.php\/wp-json\/wp\/v2\/types\/product"}],"wp:featuredmedia":[{"embeddable":true,"href":"https:\/\/orizzontiverticali.to.it\/index.php\/wp-json\/wp\/v2\/media\/3834"}],"wp:attachment":[{"href":"https:\/\/orizzontiverticali.to.it\/index.php\/wp-json\/wp\/v2\/media?parent=3833"}],"wp:term":[{"taxonomy":"product_cat","embeddable":true,"href":"https:\/\/orizzontiverticali.to.it\/index.php\/wp-json\/wp\/v2\/product_cat?post=3833"},{"taxonomy":"product_tag","embeddable":true,"href":"https:\/\/orizzontiverticali.to.it\/index.php\/wp-json\/wp\/v2\/product_tag?post=3833"}],"curies":[{"name":"wp","href":"https:\/\/api.w.org\/{rel}","templated":true}]}}